{"id":203,"date":"2025-05-25T23:38:13","date_gmt":"2025-05-25T21:38:13","guid":{"rendered":"http:\/\/192.168.59.31\/?page_id=203"},"modified":"2025-06-06T18:09:25","modified_gmt":"2025-06-06T16:09:25","slug":"statuts-reglement","status":"publish","type":"page","link":"https:\/\/www.natationchantonnay.com\/index.php\/statuts-reglement\/","title":{"rendered":"Statuts &amp; R\u00e8glement"},"content":{"rendered":"<div data-colibri-id=\"203-c1\" class=\"style-354 style-local-203-c1 position-relative\">\n  <!---->\n  <div data-colibri-component=\"section\" data-colibri-id=\"203-c2\" id=\"custom\" class=\"h-section h-section-global-spacing d-flex align-items-lg-center align-items-md-center align-items-center style-355 style-local-203-c2 position-relative\">\n    <!---->\n    <!---->\n    <div class=\"h-section-grid-container h-section-fluid-container\">\n      <!---->\n      <div data-colibri-id=\"203-c3\" class=\"h-row-container gutters-row-lg-2 gutters-row-md-2 gutters-row-0 gutters-row-v-lg-2 gutters-row-v-md-2 gutters-row-v-2 style-356 style-local-203-c3 position-relative\">\n        <!---->\n        <div class=\"h-row justify-content-lg-center justify-content-md-center justify-content-center align-items-lg-stretch align-items-md-stretch align-items-stretch gutters-col-lg-2 gutters-col-md-2 gutters-col-0 gutters-col-v-lg-2 gutters-col-v-md-2 gutters-col-v-2\">\n          <!---->\n          <div class=\"h-column h-column-container d-flex h-col-lg-auto h-col-md-auto h-col-auto style-357-outer style-local-203-c4-outer\">\n            <div data-colibri-id=\"203-c4\" class=\"d-flex h-flex-basis h-column__inner h-px-lg-2 h-px-md-2 h-px-2 v-inner-lg-2 v-inner-md-2 v-inner-2 style-357 style-local-203-c4 position-relative\">\n              <!---->\n              <!---->\n              <div class=\"w-100 h-y-container h-column__content h-column__v-align flex-basis-100 align-self-lg-start align-self-md-start align-self-start\">\n                <!---->\n                <div data-colibri-id=\"203-c5\" class=\"h-text h-text-component style-358 style-local-203-c5 position-relative h-element\">\n                  <!---->\n                  <!---->\n                  <div class=\"\">\n                    <p><span style=\"font-family: &quot;comic sans ms&quot;, comic-sans-w01-regular, comic-sans-w02-regular, comic-sans-w10-regular, cursive; color: rgb(0, 0, 0);\">Pr\u00e9ambule<\/span><\/p>\n                    <p><span style=\"font-family: &quot;comic sans ms&quot;, comic-sans-w01-regular, comic-sans-w02-regular, comic-sans-w10-regular, cursive; color: rgb(0, 0, 0);\">\u200b<\/span><\/p>\n                    <p><span style=\"font-family: &quot;comic sans ms&quot;, comic-sans-w01-regular, comic-sans-w02-regular, comic-sans-w10-regular, cursive; color: rgb(0, 0, 0);\">Le pr\u00e9sent r\u00e8glement int\u00e9rieur est le r\u00e8glement int\u00e9rieur de l\u2019Etoile Nautique Chantonnaisienne (E.N.C.), soumise \u00e0 la loi du 1er juillet 1901 et au d\u00e9cret du 16 ao\u00fbt 1901.<\/span><\/p>\n                    <p><span style=\"font-family: &quot;comic sans ms&quot;, comic-sans-w01-regular, comic-sans-w02-regular, comic-sans-w10-regular, cursive; color: rgb(0, 0, 0);\">Il est destin\u00e9 \u00e0 compl\u00e9ter les Statuts de l\u2019Etoile Nautique Chantonnaisienne et \u00e0 en fixer les divers points non pr\u00e9cis\u00e9s, notamment ceux qui ont trait \u00e0 l\u2019administration interne de l\u2019Association.<\/span><\/p>\n                    <p><span style=\"font-family: &quot;comic sans ms&quot;, comic-sans-w01-regular, comic-sans-w02-regular, comic-sans-w10-regular, cursive; color: rgb(0, 0, 0);\">Le r\u00e8glement int\u00e9rieur d\u00e9finit les limites des droits et des devoirs de chacun. C\u2019est le code de conduite qui permet une vie harmonieuse au sein de l\u2019Etoile Nautique Chantonnaisienne. Le fonctionnement de l\u2019E.N.C. est r\u00e9gi par le pr\u00e9sent r\u00e8glement qui est port\u00e9 \u00e0 la connaissance de l\u2019ensemble de ses adh\u00e9rents.<\/span><\/p>\n                    <p><span style=\"font-family: &quot;comic sans ms&quot;, comic-sans-w01-regular, comic-sans-w02-regular, comic-sans-w10-regular, cursive; color: rgb(0, 0, 0);\">Les dispositions du pr\u00e9sent r\u00e8glement int\u00e9rieur doivent \u00eatre interpr\u00e9t\u00e9es \u00e0 la lumi\u00e8re des Statuts de l\u2019Association. En cas d\u2019ambigu\u00eft\u00e9 ou de contradiction, les Statuts s\u2019appliquent par priorit\u00e9 sur le r\u00e8glement int\u00e9rieur.<\/span><\/p>\n                    <p><span style=\"font-family: &quot;comic sans ms&quot;, comic-sans-w01-regular, comic-sans-w02-regular, comic-sans-w10-regular, cursive; color: rgb(0, 0, 0);\">\u200b<\/span><\/p>\n                    <p><span style=\"font-family: &quot;comic sans ms&quot;, comic-sans-w01-regular, comic-sans-w02-regular, comic-sans-w10-regular, cursive; color: rgb(0, 0, 0);\">Pour consulter le R\u00e8glement Int\u00e9rieur et les Statuts Cliquez sur les boutons ci-dessous.<\/span><\/p>\n                    <p>\n                      <br>\n                    <\/p>\n                  <\/div>\n                <\/div>\n                <div data-colibri-id=\"203-c6\" class=\"h-x-container style-363 style-local-203-c6 position-relative h-element\">\n                  <!---->\n                  <div class=\"h-x-container-inner style-dynamic-203-c6-group style-363-spacing style-local-203-c6-spacing\"><span class=\"h-button__outer style-364-outer style-local-203-c7-outer d-inline-flex h-element\"><a h-use-smooth-scroll=\"true\" href=\"https:\/\/www.natationchantonnay.com\/wp-content\/uploads\/2025\/06\/Reglement-interieur-ENC.pdf\" target=\"_blank\"  data-colibri-id=\"203-c7\" class=\"d-flex w-100 align-items-center h-button justify-content-lg-center justify-content-md-center justify-content-center style-364 style-local-203-c7 position-relative\"><!----><!----> <span>R\u00e8glement int\u00e9rieur<\/span><\/a>\n                    <\/span><span class=\"h-button__outer style-364-outer style-local-203-c8-outer d-inline-flex h-element\"><a h-use-smooth-scroll=\"true\" href=\"https:\/\/www.natationchantonnay.com\/wp-content\/uploads\/2025\/06\/statuts.pdf\" target=\"_blank\"  data-colibri-id=\"203-c8\" class=\"d-flex w-100 align-items-center h-button justify-content-lg-center justify-content-md-center justify-content-center style-364 style-local-203-c8 position-relative\"><!----><!----> <span>Statuts<\/span><\/a>\n                    <\/span>\n                  <\/div>\n                <\/div>\n              <\/div>\n            <\/div>\n          <\/div>\n        <\/div>\n      <\/div>\n    <\/div>\n  <\/div>\n<\/div>","protected":false},"excerpt":{"rendered":"<p>Pr\u00e9ambule \u200b Le pr\u00e9sent r\u00e8glement int\u00e9rieur est le r\u00e8glement int\u00e9rieur de l\u2019Etoile Nautique [&hellip;]<\/p>\n","protected":false},"author":1,"featured_media":0,"parent":0,"menu_order":4,"comment_status":"closed","ping_status":"closed","template":"page-templates\/full-width-page.php","meta":{"footnotes":""},"class_list":["post-203","page","type-page","status-publish","hentry"],"yoast_head":"<!-- This site is optimized with the Yoast SEO plugin v27.5 - https:\/\/yoast.com\/product\/yoast-seo-wordpress\/ -->\n<title>Statuts &amp; R\u00e8glement - \u00c9toile Nautique Chantonnaisienne<\/title>\n<meta name=\"robots\" content=\"index, follow, max-snippet:-1, max-image-preview:large, max-video-preview:-1\" \/>\n<link rel=\"canonical\" href=\"https:\/\/www.natationchantonnay.com\/index.php\/statuts-reglement\/\" \/>\n<meta property=\"og:locale\" content=\"fr_FR\" \/>\n<meta property=\"og:type\" content=\"article\" \/>\n<meta property=\"og:title\" content=\"Statuts &amp; R\u00e8glement - \u00c9toile Nautique Chantonnaisienne\" \/>\n<meta property=\"og:description\" content=\"Pr\u00e9ambule \u200b Le pr\u00e9sent r\u00e8glement int\u00e9rieur est le r\u00e8glement int\u00e9rieur de l\u2019Etoile Nautique [&hellip;]\" \/>\n<meta property=\"og:url\" content=\"https:\/\/www.natationchantonnay.com\/index.php\/statuts-reglement\/\" \/>\n<meta property=\"og:site_name\" content=\"\u00c9toile Nautique Chantonnaisienne\" \/>\n<meta property=\"article:modified_time\" content=\"2025-06-06T16:09:25+00:00\" \/>\n<meta name=\"twitter:card\" content=\"summary_large_image\" \/>\n<meta name=\"twitter:label1\" content=\"Dur\u00e9e de lecture estim\u00e9e\" \/>\n\t<meta name=\"twitter:data1\" content=\"1 minute\" \/>\n<script type=\"application\/ld+json\" class=\"yoast-schema-graph\">{\"@context\":\"https:\\\/\\\/schema.org\",\"@graph\":[{\"@type\":\"WebPage\",\"@id\":\"https:\\\/\\\/www.natationchantonnay.com\\\/index.php\\\/statuts-reglement\\\/\",\"url\":\"https:\\\/\\\/www.natationchantonnay.com\\\/index.php\\\/statuts-reglement\\\/\",\"name\":\"Statuts &amp; R\u00e8glement - \u00c9toile Nautique Chantonnaisienne\",\"isPartOf\":{\"@id\":\"https:\\\/\\\/www.natationchantonnay.com\\\/#website\"},\"datePublished\":\"2025-05-25T21:38:13+00:00\",\"dateModified\":\"2025-06-06T16:09:25+00:00\",\"breadcrumb\":{\"@id\":\"https:\\\/\\\/www.natationchantonnay.com\\\/index.php\\\/statuts-reglement\\\/#breadcrumb\"},\"inLanguage\":\"fr-FR\",\"potentialAction\":[{\"@type\":\"ReadAction\",\"target\":[\"https:\\\/\\\/www.natationchantonnay.com\\\/index.php\\\/statuts-reglement\\\/\"]}]},{\"@type\":\"BreadcrumbList\",\"@id\":\"https:\\\/\\\/www.natationchantonnay.com\\\/index.php\\\/statuts-reglement\\\/#breadcrumb\",\"itemListElement\":[{\"@type\":\"ListItem\",\"position\":1,\"name\":\"Accueil\",\"item\":\"https:\\\/\\\/www.natationchantonnay.com\\\/\"},{\"@type\":\"ListItem\",\"position\":2,\"name\":\"Statuts &amp; R\u00e8glement\"}]},{\"@type\":\"WebSite\",\"@id\":\"https:\\\/\\\/www.natationchantonnay.com\\\/#website\",\"url\":\"https:\\\/\\\/www.natationchantonnay.com\\\/\",\"name\":\"\u00c9toile Nautique Chantonnaisienne\",\"description\":\"\",\"publisher\":{\"@id\":\"https:\\\/\\\/www.natationchantonnay.com\\\/#organization\"},\"potentialAction\":[{\"@type\":\"SearchAction\",\"target\":{\"@type\":\"EntryPoint\",\"urlTemplate\":\"https:\\\/\\\/www.natationchantonnay.com\\\/?s={search_term_string}\"},\"query-input\":{\"@type\":\"PropertyValueSpecification\",\"valueRequired\":true,\"valueName\":\"search_term_string\"}}],\"inLanguage\":\"fr-FR\"},{\"@type\":\"Organization\",\"@id\":\"https:\\\/\\\/www.natationchantonnay.com\\\/#organization\",\"name\":\"\u00c9toile Nautique Chantonnaisienne\",\"url\":\"https:\\\/\\\/www.natationchantonnay.com\\\/\",\"logo\":{\"@type\":\"ImageObject\",\"inLanguage\":\"fr-FR\",\"@id\":\"https:\\\/\\\/www.natationchantonnay.com\\\/#\\\/schema\\\/logo\\\/image\\\/\",\"url\":\"https:\\\/\\\/www.natationchantonnay.com\\\/wp-content\\\/uploads\\\/2025\\\/05\\\/cropped-logo-ENC-3.png\",\"contentUrl\":\"https:\\\/\\\/www.natationchantonnay.com\\\/wp-content\\\/uploads\\\/2025\\\/05\\\/cropped-logo-ENC-3.png\",\"width\":512,\"height\":512,\"caption\":\"\u00c9toile Nautique Chantonnaisienne\"},\"image\":{\"@id\":\"https:\\\/\\\/www.natationchantonnay.com\\\/#\\\/schema\\\/logo\\\/image\\\/\"}}]}<\/script>\n<!-- \/ Yoast SEO plugin. -->","yoast_head_json":{"title":"Statuts &amp; R\u00e8glement - \u00c9toile Nautique Chantonnaisienne","robots":{"index":"index","follow":"follow","max-snippet":"max-snippet:-1","max-image-preview":"max-image-preview:large","max-video-preview":"max-video-preview:-1"},"canonical":"https:\/\/www.natationchantonnay.com\/index.php\/statuts-reglement\/","og_locale":"fr_FR","og_type":"article","og_title":"Statuts &amp; R\u00e8glement - \u00c9toile Nautique Chantonnaisienne","og_description":"Pr\u00e9ambule \u200b Le pr\u00e9sent r\u00e8glement int\u00e9rieur est le r\u00e8glement int\u00e9rieur de l\u2019Etoile Nautique [&hellip;]","og_url":"https:\/\/www.natationchantonnay.com\/index.php\/statuts-reglement\/","og_site_name":"\u00c9toile Nautique Chantonnaisienne","article_modified_time":"2025-06-06T16:09:25+00:00","twitter_card":"summary_large_image","twitter_misc":{"Dur\u00e9e de lecture estim\u00e9e":"1 minute"},"schema":{"@context":"https:\/\/schema.org","@graph":[{"@type":"WebPage","@id":"https:\/\/www.natationchantonnay.com\/index.php\/statuts-reglement\/","url":"https:\/\/www.natationchantonnay.com\/index.php\/statuts-reglement\/","name":"Statuts &amp; R\u00e8glement - \u00c9toile Nautique Chantonnaisienne","isPartOf":{"@id":"https:\/\/www.natationchantonnay.com\/#website"},"datePublished":"2025-05-25T21:38:13+00:00","dateModified":"2025-06-06T16:09:25+00:00","breadcrumb":{"@id":"https:\/\/www.natationchantonnay.com\/index.php\/statuts-reglement\/#breadcrumb"},"inLanguage":"fr-FR","potentialAction":[{"@type":"ReadAction","target":["https:\/\/www.natationchantonnay.com\/index.php\/statuts-reglement\/"]}]},{"@type":"BreadcrumbList","@id":"https:\/\/www.natationchantonnay.com\/index.php\/statuts-reglement\/#breadcrumb","itemListElement":[{"@type":"ListItem","position":1,"name":"Accueil","item":"https:\/\/www.natationchantonnay.com\/"},{"@type":"ListItem","position":2,"name":"Statuts &amp; R\u00e8glement"}]},{"@type":"WebSite","@id":"https:\/\/www.natationchantonnay.com\/#website","url":"https:\/\/www.natationchantonnay.com\/","name":"\u00c9toile Nautique Chantonnaisienne","description":"","publisher":{"@id":"https:\/\/www.natationchantonnay.com\/#organization"},"potentialAction":[{"@type":"SearchAction","target":{"@type":"EntryPoint","urlTemplate":"https:\/\/www.natationchantonnay.com\/?s={search_term_string}"},"query-input":{"@type":"PropertyValueSpecification","valueRequired":true,"valueName":"search_term_string"}}],"inLanguage":"fr-FR"},{"@type":"Organization","@id":"https:\/\/www.natationchantonnay.com\/#organization","name":"\u00c9toile Nautique Chantonnaisienne","url":"https:\/\/www.natationchantonnay.com\/","logo":{"@type":"ImageObject","inLanguage":"fr-FR","@id":"https:\/\/www.natationchantonnay.com\/#\/schema\/logo\/image\/","url":"https:\/\/www.natationchantonnay.com\/wp-content\/uploads\/2025\/05\/cropped-logo-ENC-3.png","contentUrl":"https:\/\/www.natationchantonnay.com\/wp-content\/uploads\/2025\/05\/cropped-logo-ENC-3.png","width":512,"height":512,"caption":"\u00c9toile Nautique Chantonnaisienne"},"image":{"@id":"https:\/\/www.natationchantonnay.com\/#\/schema\/logo\/image\/"}}]}},"_links":{"self":[{"href":"https:\/\/www.natationchantonnay.com\/index.php\/wp-json\/wp\/v2\/pages\/203","targetHints":{"allow":["GET"]}}],"collection":[{"href":"https:\/\/www.natationchantonnay.com\/index.php\/wp-json\/wp\/v2\/pages"}],"about":[{"href":"https:\/\/www.natationchantonnay.com\/index.php\/wp-json\/wp\/v2\/types\/page"}],"author":[{"embeddable":true,"href":"https:\/\/www.natationchantonnay.com\/index.php\/wp-json\/wp\/v2\/users\/1"}],"replies":[{"embeddable":true,"href":"https:\/\/www.natationchantonnay.com\/index.php\/wp-json\/wp\/v2\/comments?post=203"}],"version-history":[{"count":0,"href":"https:\/\/www.natationchantonnay.com\/index.php\/wp-json\/wp\/v2\/pages\/203\/revisions"}],"wp:attachment":[{"href":"https:\/\/www.natationchantonnay.com\/index.php\/wp-json\/wp\/v2\/media?parent=203"}],"curies":[{"name":"wp","href":"https:\/\/api.w.org\/{rel}","templated":true}]}}