{"id":213,"date":"2025-05-25T23:40:32","date_gmt":"2025-05-25T21:40:32","guid":{"rendered":"http:\/\/192.168.59.31\/?page_id=213"},"modified":"2025-06-12T23:14:01","modified_gmt":"2025-06-12T21:14:01","slug":"option-natation-college-st-joseph","status":"publish","type":"page","link":"https:\/\/www.natationchantonnay.com\/index.php\/option-natation-college-st-joseph\/","title":{"rendered":"Option Natation coll\u00e8ge St Joseph"},"content":{"rendered":"<div data-colibri-id=\"213-c1\" class=\"style-553 style-local-213-c1 position-relative\">\n  <!---->\n  <div data-colibri-component=\"section\" data-colibri-id=\"213-c2\" id=\"content\" class=\"h-section h-section-global-spacing d-flex align-items-lg-center align-items-md-center align-items-center style-554 style-local-213-c2 position-relative\">\n    <!---->\n    <!---->\n    <div class=\"h-section-grid-container h-section-fluid-container\">\n      <!---->\n      <div data-colibri-id=\"213-c3\" class=\"h-row-container gutters-row-lg-0 gutters-row-md-0 gutters-row-2 gutters-row-v-lg-0 gutters-row-v-md-0 gutters-row-v-2 style-555 style-local-213-c3 position-relative\">\n        <!---->\n        <div class=\"h-row justify-content-lg-center justify-content-md-center justify-content-center align-items-lg-stretch align-items-md-stretch align-items-stretch gutters-col-lg-0 gutters-col-md-0 gutters-col-2 gutters-col-v-lg-0 gutters-col-v-md-0 gutters-col-v-2\">\n          <!---->\n          <div class=\"h-column h-column-container d-flex h-col-lg-6 h-col-md-6 h-col-12 style-556-outer style-local-213-c4-outer\">\n            <div data-colibri-id=\"213-c4\" class=\"d-flex h-flex-basis h-column__inner h-px-lg-0 h-px-md-0 h-px-0 v-inner-lg-0 v-inner-md-0 v-inner-0 style-556 style-local-213-c4 position-relative\">\n              <!---->\n              <!---->\n              <div class=\"w-100 h-y-container h-column__content h-column__v-align flex-basis-100 align-self-lg-start align-self-md-start align-self-start\">\n                <!---->\n                <div data-colibri-id=\"213-c6\" class=\"h-global-transition-all h-heading style-558 style-local-213-c6 position-relative h-element\">\n                  <!---->\n                  <div class=\"h-heading__outer style-558 style-local-213-c6\">\n                    <!---->\n                    <!---->\n                    <h2 class=\"\">Option Natation \u2013 Coll\u00e8ge Saint Joseph<\/h2>\n                  <\/div>\n                <\/div>\n                <div data-colibri-id=\"213-c42\" class=\"h-global-transition-all h-heading style-576 style-local-213-c42 position-relative h-element\">\n                  <!---->\n                  <div class=\"h-heading__outer style-576 style-local-213-c42\">\n                    <!---->\n                    <!---->\n                    <h3 class=\"\">\ud83c\udfca\u200d\u2642\ufe0f Perfectionnement, comp\u00e9tition et plaisir de nager<\/h3>\n                  <\/div>\n                <\/div>\n                <div data-colibri-id=\"213-c7\" class=\"h-text h-text-component style-559 style-local-213-c7 position-relative h-element\">\n                  <!---->\n                  <!---->\n                  <div class=\"\">\n                    <p>Le <strong>Coll\u00e8ge Saint Joseph<\/strong> propose une <strong>option natation<\/strong> pour permettre aux \u00e9l\u00e8ves de <strong>progresser techniquement<\/strong>, de <strong>participer aux championnats scolaires<\/strong> (promotionnels\n                      et \u00e9lites) et de <strong>s\u2019\u00e9panouir dans le sport<\/strong>, quel que soit leur niveau.<\/p>\n                  <\/div>\n                <\/div>\n                <div data-colibri-id=\"213-c8\" class=\"h-row-container gutters-row-lg-2 gutters-row-md-2 gutters-row-0 gutters-row-v-lg-2 gutters-row-v-md-2 gutters-row-v-0 style-560 style-local-213-c8 position-relative\">\n                  <!---->\n                  <div class=\"h-row justify-content-lg-center justify-content-md-center justify-content-center align-items-lg-stretch align-items-md-stretch align-items-stretch gutters-col-lg-2 gutters-col-md-2 gutters-col-0 gutters-col-v-lg-2 gutters-col-v-md-2 gutters-col-v-0\">\n                    <!---->\n                    <div class=\"h-column h-column-container d-flex h-col-lg-6 h-col-md-6 h-col-6 style-561-outer style-local-213-c9-outer\">\n                      <div data-colibri-id=\"213-c9\" class=\"d-flex h-flex-basis h-column__inner h-px-lg-0 h-px-md-0 h-px-0 v-inner-lg-0 v-inner-md-0 v-inner-0 style-561 style-local-213-c9 position-relative\">\n                        <!---->\n                        <!---->\n                        <div class=\"w-100 h-y-container h-column__content h-column__v-align flex-basis-100 align-self-lg-start align-self-md-start align-self-start\">\n                          <!---->\n                          <div data-colibri-id=\"213-c10\" class=\"h-global-transition-all h-heading style-562 style-local-213-c10 position-relative h-element\">\n                            <!---->\n                            <div class=\"h-heading__outer style-562 style-local-213-c10\">\n                              <!---->\n                              <!---->\n                              <h4 class=\"\">\ud83c\udfaf Objectifs de l\u2019option natation<\/h4>\n                            <\/div>\n                          <\/div>\n                          <div data-colibri-id=\"213-c11\" class=\"h-text h-text-component style-563 style-local-213-c11 position-relative h-element\">\n                            <!---->\n                            <!---->\n                            <div class=\"\">\n                              <p>\u2705 <strong>Am\u00e9liorer sa technique<\/strong> et gagner en efficacit\u00e9 dans l\u2019eau.<\/p>\n                              <p>\u2705 <strong>Participer aux comp\u00e9titions UNSS<\/strong> (niveaux promotionnel et \u00e9lite). <\/p>\n                              <p>\u2705 <strong>D\u00e9couvrir la natation en \u00e9quipe<\/strong> dans un esprit convivial et motivant.<\/p>\n                            <\/div>\n                          <\/div>\n                        <\/div>\n                      <\/div>\n                    <\/div>\n                    <div class=\"h-column h-column-container d-flex h-col-lg-6 h-col-md-6 h-col-6 style-561-outer style-local-213-c12-outer\">\n                      <div data-colibri-id=\"213-c12\" class=\"d-flex h-flex-basis h-column__inner h-px-lg-0 h-px-md-0 h-px-0 v-inner-lg-0 v-inner-md-0 v-inner-0 style-561 style-local-213-c12 position-relative\">\n                        <!---->\n                        <!---->\n                        <div class=\"w-100 h-y-container h-column__content h-column__v-align flex-basis-100 align-self-lg-start align-self-md-start align-self-start\">\n                          <!---->\n                          <div data-colibri-id=\"213-c13\" class=\"h-global-transition-all h-heading style-562 style-local-213-c13 position-relative h-element\">\n                            <!---->\n                            <div class=\"h-heading__outer style-562 style-local-213-c13\">\n                              <!---->\n                              <!---->\n                              <h4 class=\"\">\ud83d\udcc5 Organisation<\/h4>\n                            <\/div>\n                          <\/div>\n                          <div data-colibri-id=\"213-c14\" class=\"h-text h-text-component style-563 style-local-213-c14 position-relative h-element\">\n                            <!---->\n                            <!---->\n                            <div class=\"\">\n                              <p><strong>\u23f0 Horaires<\/strong> :<\/p>\n                              <ul>\n                                <li><strong>Lundi et jeudi<\/strong> : S\u00e9ances encadr\u00e9es par <strong>Mme Arnaud<\/strong> (professeur d\u2019EPS).<\/li>\n                                <li><strong>3 heures d\u2019entra\u00eenement par semaine<\/strong>, int\u00e9gr\u00e9es \u00e0 l\u2019emploi du temps scolaire.<\/li>\n                              <\/ul>\n                              <p><strong>\ud83c\udfc5 Comp\u00e9titions<\/strong> :<\/p>\n                              <ul>\n                                <li>Participation aux <strong>championnats scolaires<\/strong> (mercredis apr\u00e8s-midi).<\/li>\n                                <li>Possibilit\u00e9 de s\u2019entra\u00eener <strong>sur le temps de midi<\/strong> pour les \u00e9l\u00e8ves motiv\u00e9s.<\/li>\n                              <\/ul>\n                              <p>\n                                <br>\n                              <\/p>\n                            <\/div>\n                          <\/div>\n                        <\/div>\n                      <\/div>\n                    <\/div>\n                  <\/div>\n                <\/div>\n              <\/div>\n            <\/div>\n          <\/div>\n          <div class=\"h-column h-column-container d-flex h-col-lg-6 h-col-md-6 h-col-12 style-564-outer style-local-213-c21-outer\">\n            <div data-colibri-id=\"213-c21\" class=\"d-flex h-flex-basis h-column__inner h-ui-empty-state-container h-px-lg-0 h-px-md-0 h-px-0 v-inner-lg-0 v-inner-md-0 v-inner-0 style-564 style-local-213-c21 position-relative\">\n              <!---->\n              <!---->\n              <div class=\"w-100 h-y-container h-column__content h-column__v-align flex-basis-100\">\n                <!---->\n              <\/div>\n            <\/div>\n          <\/div>\n        <\/div>\n      <\/div>\n    <\/div>\n  <\/div>\n  <div data-colibri-component=\"section\" data-colibri-id=\"213-c22\" id=\"content-2\" class=\"h-section h-section-global-spacing d-flex align-items-lg-center align-items-md-center align-items-center style-565 style-local-213-c22 h-overflow-hidden position-relative\">\n    <!---->\n    <!---->\n    <div class=\"h-section-grid-container h-section-fluid-container\">\n      <!---->\n      <div data-colibri-id=\"213-c23\" class=\"h-row-container gutters-row-lg-0 gutters-row-md-0 gutters-row-2 gutters-row-v-lg-0 gutters-row-v-md-0 gutters-row-v-2 style-566 style-local-213-c23 position-relative\">\n        <!---->\n        <div class=\"h-row justify-content-lg-center justify-content-md-center justify-content-center align-items-lg-stretch align-items-md-stretch align-items-stretch gutters-col-lg-0 gutters-col-md-0 gutters-col-2 gutters-col-v-lg-0 gutters-col-v-md-0 gutters-col-v-2\">\n          <!---->\n          <div class=\"h-column h-column-container d-flex h-col-lg-6 h-col-md-6 h-col-12 style-567-outer style-local-213-c24-outer\">\n            <div data-colibri-id=\"213-c24\" class=\"d-flex h-flex-basis h-column__inner h-ui-empty-state-container h-px-lg-2 h-px-md-2 h-px-0 v-inner-lg-2 v-inner-md-2 v-inner-0 style-567 style-local-213-c24 position-relative\">\n              <!---->\n              <!---->\n              <div class=\"w-100 h-y-container h-column__content h-column__v-align flex-basis-100\">\n                <!---->\n              <\/div>\n            <\/div>\n          <\/div>\n          <div class=\"h-column h-column-container d-flex h-col-lg-6 h-col-md-6 h-col-12 style-568-outer style-local-213-c25-outer\">\n            <div data-colibri-id=\"213-c25\" class=\"d-flex h-flex-basis h-column__inner h-px-lg-0 h-px-md-0 h-px-0 v-inner-lg-0 v-inner-md-0 v-inner-0 style-568 style-local-213-c25 position-relative\">\n              <!---->\n              <!---->\n              <div class=\"w-100 h-y-container h-column__content h-column__v-align flex-basis-100 align-self-lg-start align-self-md-start align-self-start\">\n                <!---->\n                <div data-colibri-id=\"213-c29\" class=\"h-row-container gutters-row-lg-2 gutters-row-md-2 gutters-row-0 gutters-row-v-lg-2 gutters-row-v-md-2 gutters-row-v-0 style-572 style-local-213-c29 position-relative\">\n                  <!---->\n                  <div class=\"h-row justify-content-lg-center justify-content-md-center justify-content-center align-items-lg-stretch align-items-md-stretch align-items-stretch gutters-col-lg-2 gutters-col-md-2 gutters-col-0 gutters-col-v-lg-2 gutters-col-v-md-2 gutters-col-v-0\">\n                    <!---->\n                    <div class=\"h-column h-column-container d-flex h-col-lg-6 h-col-md-6 h-col-6 style-573-outer style-local-213-c30-outer\">\n                      <div data-colibri-id=\"213-c30\" class=\"d-flex h-flex-basis h-column__inner h-px-lg-0 h-px-md-0 h-px-2 v-inner-lg-0 v-inner-md-0 v-inner-2 style-573 style-local-213-c30 position-relative\">\n                        <!---->\n                        <!---->\n                        <div class=\"w-100 h-y-container h-column__content h-column__v-align flex-basis-100 align-self-lg-start align-self-md-start align-self-start\">\n                          <!---->\n                          <div data-colibri-id=\"213-c31\" class=\"h-global-transition-all h-heading style-574 style-local-213-c31 position-relative h-element\">\n                            <!---->\n                            <div class=\"h-heading__outer style-574 style-local-213-c31\">\n                              <!---->\n                              <!---->\n                              <h4 class=\"\">\ud83d\udc66 Public concern\u00e9<\/h4>\n                            <\/div>\n                          <\/div>\n                          <div data-colibri-id=\"213-c32\" class=\"h-text h-text-component style-575 style-local-213-c32 position-relative h-element\">\n                            <!---->\n                            <!---->\n                            <div class=\"\">\n                              <p>L\u2019option natation est ouverte \u00e0 <strong>tous les \u00e9l\u00e8ves du coll\u00e8ge (de la 6\u00e8me \u00e0 la 3\u00e8me)<\/strong>, quel que soit leur niveau initial.<\/p>\n                              <p><strong>Pas besoin d\u2019\u00eatre un \ufeffchampion !<\/strong> L\u2019objectif est de <strong>progresser ensemble<\/strong>, dans un cadre bienveillant et stimulant.<\/p>\n                            <\/div>\n                          <\/div>\n                        <\/div>\n                      <\/div>\n                    <\/div>\n                    <div class=\"h-column h-column-container d-flex h-col-lg-6 h-col-md-6 h-col-6 style-573-outer style-local-213-c33-outer\">\n                      <div data-colibri-id=\"213-c33\" class=\"d-flex h-flex-basis h-column__inner h-px-lg-0 h-px-md-0 h-px-2 v-inner-lg-0 v-inner-md-0 v-inner-2 style-573 style-local-213-c33 position-relative\">\n                        <!---->\n                        <!---->\n                        <div class=\"w-100 h-y-container h-column__content h-column__v-align flex-basis-100 align-self-lg-start align-self-md-start align-self-start\">\n                          <!---->\n                          <div data-colibri-id=\"213-c34\" class=\"h-global-transition-all h-heading style-574 style-local-213-c34 position-relative h-element\">\n                            <!---->\n                            <div class=\"h-heading__outer style-574 style-local-213-c34\">\n                              <!---->\n                              <!---->\n                              <h4 class=\"\">\ud83d\udcdd Inscription<\/h4>\n                            <\/div>\n                          <\/div>\n                          <div data-colibri-id=\"213-c35\" class=\"h-text h-text-component style-575 style-local-213-c35 position-relative h-element\">\n                            <!---->\n                            <!---->\n                            <div class=\"\">\n                              <p><strong>Gratuit\u00e9<\/strong> : L\u2019<strong>Association Sportive (AS) du coll\u00e8ge est gratuite<\/strong>.<\/p>\n                              <p><strong>2 fa\u00e7ons de s\u2019inscrire<\/strong> : <\/p>\n                              <p>1\ufe0f\u20e3 <strong>Via les circulaires de rentr\u00e9e<\/strong> : Remplir le formulaire d\u2019inscription \u00e0 l\u2019AS. <\/p>\n                              <p>2\ufe0f\u20e3 <strong>En choisissant l\u2019enseignement facultatif sportif<\/strong> (natation) dans les options du coll\u00e8ge.<\/p>\n                              <p><strong>\ud83d\udcc5 Quand ?<\/strong><\/p>\n                              <ul>\n                                <li>Inscriptions en <strong>d\u00e9but d\u2019ann\u00e9e scolaire<\/strong> (septembre).<\/li>\n                                <li>Possibilit\u00e9 de rejoindre en cours d\u2019ann\u00e9e (selon disponibilit\u00e9s).<\/li>\n                              <\/ul>\n                              <p>\n                                <br>\n                              <\/p>\n                            <\/div>\n                          <\/div>\n                        <\/div>\n                      <\/div>\n                    <\/div>\n                  <\/div>\n                <\/div>\n              <\/div>\n            <\/div>\n          <\/div>\n        <\/div>\n      <\/div>\n    <\/div>\n  <\/div>\n<\/div>","protected":false},"excerpt":{"rendered":"<p>Option Natation \u2013 Coll\u00e8ge Saint Joseph \ud83c\udfca\u200d\u2642\ufe0f Perfectionnement, comp\u00e9tition et plaisir de nager [&hellip;]<\/p>\n","protected":false},"author":1,"featured_media":0,"parent":0,"menu_order":9,"comment_status":"closed","ping_status":"closed","template":"page-templates\/full-width-page.php","meta":{"footnotes":""},"class_list":["post-213","page","type-page","status-publish","hentry"],"yoast_head":"<!-- This site is optimized with the Yoast SEO plugin v27.5 - https:\/\/yoast.com\/product\/yoast-seo-wordpress\/ -->\n<title>Option Natation coll\u00e8ge St Joseph - \u00c9toile Nautique Chantonnaisienne<\/title>\n<meta name=\"robots\" content=\"index, follow, max-snippet:-1, max-image-preview:large, max-video-preview:-1\" \/>\n<link rel=\"canonical\" href=\"https:\/\/www.natationchantonnay.com\/index.php\/option-natation-college-st-joseph\/\" \/>\n<meta property=\"og:locale\" content=\"fr_FR\" \/>\n<meta property=\"og:type\" content=\"article\" \/>\n<meta property=\"og:title\" content=\"Option Natation coll\u00e8ge St Joseph - \u00c9toile Nautique Chantonnaisienne\" \/>\n<meta property=\"og:description\" content=\"Option Natation \u2013 Coll\u00e8ge Saint Joseph \ud83c\udfca\u200d\u2642\ufe0f Perfectionnement, comp\u00e9tition et plaisir de nager [&hellip;]\" \/>\n<meta property=\"og:url\" content=\"https:\/\/www.natationchantonnay.com\/index.php\/option-natation-college-st-joseph\/\" \/>\n<meta property=\"og:site_name\" content=\"\u00c9toile Nautique Chantonnaisienne\" \/>\n<meta property=\"article:modified_time\" content=\"2025-06-12T21:14:01+00:00\" \/>\n<meta name=\"twitter:card\" content=\"summary_large_image\" \/>\n<meta name=\"twitter:label1\" content=\"Dur\u00e9e de lecture estim\u00e9e\" \/>\n\t<meta name=\"twitter:data1\" content=\"1 minute\" \/>\n<script type=\"application\/ld+json\" class=\"yoast-schema-graph\">{\"@context\":\"https:\\\/\\\/schema.org\",\"@graph\":[{\"@type\":\"WebPage\",\"@id\":\"https:\\\/\\\/www.natationchantonnay.com\\\/index.php\\\/option-natation-college-st-joseph\\\/\",\"url\":\"https:\\\/\\\/www.natationchantonnay.com\\\/index.php\\\/option-natation-college-st-joseph\\\/\",\"name\":\"Option Natation coll\u00e8ge St Joseph - \u00c9toile Nautique Chantonnaisienne\",\"isPartOf\":{\"@id\":\"https:\\\/\\\/www.natationchantonnay.com\\\/#website\"},\"datePublished\":\"2025-05-25T21:40:32+00:00\",\"dateModified\":\"2025-06-12T21:14:01+00:00\",\"breadcrumb\":{\"@id\":\"https:\\\/\\\/www.natationchantonnay.com\\\/index.php\\\/option-natation-college-st-joseph\\\/#breadcrumb\"},\"inLanguage\":\"fr-FR\",\"potentialAction\":[{\"@type\":\"ReadAction\",\"target\":[\"https:\\\/\\\/www.natationchantonnay.com\\\/index.php\\\/option-natation-college-st-joseph\\\/\"]}]},{\"@type\":\"BreadcrumbList\",\"@id\":\"https:\\\/\\\/www.natationchantonnay.com\\\/index.php\\\/option-natation-college-st-joseph\\\/#breadcrumb\",\"itemListElement\":[{\"@type\":\"ListItem\",\"position\":1,\"name\":\"Accueil\",\"item\":\"https:\\\/\\\/www.natationchantonnay.com\\\/\"},{\"@type\":\"ListItem\",\"position\":2,\"name\":\"Option Natation coll\u00e8ge St Joseph\"}]},{\"@type\":\"WebSite\",\"@id\":\"https:\\\/\\\/www.natationchantonnay.com\\\/#website\",\"url\":\"https:\\\/\\\/www.natationchantonnay.com\\\/\",\"name\":\"\u00c9toile Nautique Chantonnaisienne\",\"description\":\"\",\"publisher\":{\"@id\":\"https:\\\/\\\/www.natationchantonnay.com\\\/#organization\"},\"potentialAction\":[{\"@type\":\"SearchAction\",\"target\":{\"@type\":\"EntryPoint\",\"urlTemplate\":\"https:\\\/\\\/www.natationchantonnay.com\\\/?s={search_term_string}\"},\"query-input\":{\"@type\":\"PropertyValueSpecification\",\"valueRequired\":true,\"valueName\":\"search_term_string\"}}],\"inLanguage\":\"fr-FR\"},{\"@type\":\"Organization\",\"@id\":\"https:\\\/\\\/www.natationchantonnay.com\\\/#organization\",\"name\":\"\u00c9toile Nautique Chantonnaisienne\",\"url\":\"https:\\\/\\\/www.natationchantonnay.com\\\/\",\"logo\":{\"@type\":\"ImageObject\",\"inLanguage\":\"fr-FR\",\"@id\":\"https:\\\/\\\/www.natationchantonnay.com\\\/#\\\/schema\\\/logo\\\/image\\\/\",\"url\":\"https:\\\/\\\/www.natationchantonnay.com\\\/wp-content\\\/uploads\\\/2025\\\/05\\\/cropped-logo-ENC-3.png\",\"contentUrl\":\"https:\\\/\\\/www.natationchantonnay.com\\\/wp-content\\\/uploads\\\/2025\\\/05\\\/cropped-logo-ENC-3.png\",\"width\":512,\"height\":512,\"caption\":\"\u00c9toile Nautique Chantonnaisienne\"},\"image\":{\"@id\":\"https:\\\/\\\/www.natationchantonnay.com\\\/#\\\/schema\\\/logo\\\/image\\\/\"}}]}<\/script>\n<!-- \/ Yoast SEO plugin. -->","yoast_head_json":{"title":"Option Natation coll\u00e8ge St Joseph - \u00c9toile Nautique Chantonnaisienne","robots":{"index":"index","follow":"follow","max-snippet":"max-snippet:-1","max-image-preview":"max-image-preview:large","max-video-preview":"max-video-preview:-1"},"canonical":"https:\/\/www.natationchantonnay.com\/index.php\/option-natation-college-st-joseph\/","og_locale":"fr_FR","og_type":"article","og_title":"Option Natation coll\u00e8ge St Joseph - \u00c9toile Nautique Chantonnaisienne","og_description":"Option Natation \u2013 Coll\u00e8ge Saint Joseph \ud83c\udfca\u200d\u2642\ufe0f Perfectionnement, comp\u00e9tition et plaisir de nager [&hellip;]","og_url":"https:\/\/www.natationchantonnay.com\/index.php\/option-natation-college-st-joseph\/","og_site_name":"\u00c9toile Nautique Chantonnaisienne","article_modified_time":"2025-06-12T21:14:01+00:00","twitter_card":"summary_large_image","twitter_misc":{"Dur\u00e9e de lecture estim\u00e9e":"1 minute"},"schema":{"@context":"https:\/\/schema.org","@graph":[{"@type":"WebPage","@id":"https:\/\/www.natationchantonnay.com\/index.php\/option-natation-college-st-joseph\/","url":"https:\/\/www.natationchantonnay.com\/index.php\/option-natation-college-st-joseph\/","name":"Option Natation coll\u00e8ge St Joseph - \u00c9toile Nautique Chantonnaisienne","isPartOf":{"@id":"https:\/\/www.natationchantonnay.com\/#website"},"datePublished":"2025-05-25T21:40:32+00:00","dateModified":"2025-06-12T21:14:01+00:00","breadcrumb":{"@id":"https:\/\/www.natationchantonnay.com\/index.php\/option-natation-college-st-joseph\/#breadcrumb"},"inLanguage":"fr-FR","potentialAction":[{"@type":"ReadAction","target":["https:\/\/www.natationchantonnay.com\/index.php\/option-natation-college-st-joseph\/"]}]},{"@type":"BreadcrumbList","@id":"https:\/\/www.natationchantonnay.com\/index.php\/option-natation-college-st-joseph\/#breadcrumb","itemListElement":[{"@type":"ListItem","position":1,"name":"Accueil","item":"https:\/\/www.natationchantonnay.com\/"},{"@type":"ListItem","position":2,"name":"Option Natation coll\u00e8ge St Joseph"}]},{"@type":"WebSite","@id":"https:\/\/www.natationchantonnay.com\/#website","url":"https:\/\/www.natationchantonnay.com\/","name":"\u00c9toile Nautique Chantonnaisienne","description":"","publisher":{"@id":"https:\/\/www.natationchantonnay.com\/#organization"},"potentialAction":[{"@type":"SearchAction","target":{"@type":"EntryPoint","urlTemplate":"https:\/\/www.natationchantonnay.com\/?s={search_term_string}"},"query-input":{"@type":"PropertyValueSpecification","valueRequired":true,"valueName":"search_term_string"}}],"inLanguage":"fr-FR"},{"@type":"Organization","@id":"https:\/\/www.natationchantonnay.com\/#organization","name":"\u00c9toile Nautique Chantonnaisienne","url":"https:\/\/www.natationchantonnay.com\/","logo":{"@type":"ImageObject","inLanguage":"fr-FR","@id":"https:\/\/www.natationchantonnay.com\/#\/schema\/logo\/image\/","url":"https:\/\/www.natationchantonnay.com\/wp-content\/uploads\/2025\/05\/cropped-logo-ENC-3.png","contentUrl":"https:\/\/www.natationchantonnay.com\/wp-content\/uploads\/2025\/05\/cropped-logo-ENC-3.png","width":512,"height":512,"caption":"\u00c9toile Nautique Chantonnaisienne"},"image":{"@id":"https:\/\/www.natationchantonnay.com\/#\/schema\/logo\/image\/"}}]}},"_links":{"self":[{"href":"https:\/\/www.natationchantonnay.com\/index.php\/wp-json\/wp\/v2\/pages\/213","targetHints":{"allow":["GET"]}}],"collection":[{"href":"https:\/\/www.natationchantonnay.com\/index.php\/wp-json\/wp\/v2\/pages"}],"about":[{"href":"https:\/\/www.natationchantonnay.com\/index.php\/wp-json\/wp\/v2\/types\/page"}],"author":[{"embeddable":true,"href":"https:\/\/www.natationchantonnay.com\/index.php\/wp-json\/wp\/v2\/users\/1"}],"replies":[{"embeddable":true,"href":"https:\/\/www.natationchantonnay.com\/index.php\/wp-json\/wp\/v2\/comments?post=213"}],"version-history":[{"count":0,"href":"https:\/\/www.natationchantonnay.com\/index.php\/wp-json\/wp\/v2\/pages\/213\/revisions"}],"wp:attachment":[{"href":"https:\/\/www.natationchantonnay.com\/index.php\/wp-json\/wp\/v2\/media?parent=213"}],"curies":[{"name":"wp","href":"https:\/\/api.w.org\/{rel}","templated":true}]}}