{"id":223,"date":"2025-05-25T23:41:47","date_gmt":"2025-05-25T21:41:47","guid":{"rendered":"http:\/\/192.168.59.31\/?page_id=223"},"modified":"2025-07-09T09:51:44","modified_gmt":"2025-07-09T07:51:44","slug":"officiels","status":"publish","type":"page","link":"https:\/\/www.natationchantonnay.com\/index.php\/officiels\/","title":{"rendered":"Officiels"},"content":{"rendered":"<div data-colibri-id=\"223-c1\" class=\"style-632 style-local-223-c1 position-relative\">\n  <!---->\n  <div data-colibri-component=\"section\" data-colibri-id=\"223-c8\" id=\"content\" class=\"h-section h-section-global-spacing d-flex align-items-lg-center align-items-md-center align-items-center style-639 style-local-223-c8 position-relative\">\n    <!---->\n    <!---->\n    <div class=\"h-section-grid-container h-section-fluid-container\">\n      <!---->\n      <div data-colibri-id=\"223-c9\" class=\"h-row-container gutters-row-lg-0 gutters-row-md-0 gutters-row-2 gutters-row-v-lg-0 gutters-row-v-md-0 gutters-row-v-2 style-640 style-local-223-c9 position-relative\">\n        <!---->\n        <div class=\"h-row justify-content-lg-center justify-content-md-center justify-content-center align-items-lg-stretch align-items-md-stretch align-items-stretch gutters-col-lg-0 gutters-col-md-0 gutters-col-2 gutters-col-v-lg-0 gutters-col-v-md-0 gutters-col-v-2\">\n          <!---->\n          <div class=\"h-column h-column-container d-flex h-col-lg-auto h-col-md-auto h-col-auto style-641-outer style-local-223-c10-outer\">\n            <div data-colibri-id=\"223-c10\" class=\"d-flex h-flex-basis h-column__inner h-px-lg-0 h-px-md-0 h-px-0 v-inner-lg-0 v-inner-md-0 v-inner-0 style-641 style-local-223-c10 position-relative\">\n              <!---->\n              <!---->\n              <div class=\"w-100 h-y-container h-column__content h-column__v-align flex-basis-100 align-self-lg-start align-self-md-start align-self-start\">\n                <!---->\n                <div data-colibri-id=\"223-c12\" class=\"h-global-transition-all h-heading style-643 style-local-223-c12 position-relative h-element\">\n                  <!---->\n                  <div class=\"h-heading__outer style-643 style-local-223-c12\">\n                    <!---->\n                    <!---->\n                    <h2 class=\"\">Les officiels<\/h2>\n                  <\/div>\n                <\/div>\n                <div data-colibri-id=\"223-c13\" class=\"h-text h-text-component style-644 style-local-223-c13 position-relative h-element\">\n                  <!---->\n                  <!---->\n                  <div class=\"\">\n                    <p>Votre enfant fait des comp\u00e9titions lors desquelles vous l&rsquo;accompagnez ou vous-m\u00eame pratiquez la natation. Venez participer \u00e0 l&rsquo;organisation et au bon d\u00e9roulement des comp\u00e9titions en devenant officiel de Natation Course \u00e0 l&rsquo;ENC. Nous\n                      avons besoin de vous et de vos comp\u00e9tences !<\/p>\n                  <\/div>\n                <\/div>\n                <div data-colibri-id=\"223-c14\" class=\"h-row-container gutters-row-lg-2 gutters-row-md-2 gutters-row-0 gutters-row-v-lg-2 gutters-row-v-md-2 gutters-row-v-0 style-645 style-local-223-c14 position-relative\">\n                  <!---->\n                  <div class=\"h-row justify-content-lg-center justify-content-md-center justify-content-center align-items-lg-stretch align-items-md-stretch align-items-stretch gutters-col-lg-2 gutters-col-md-2 gutters-col-0 gutters-col-v-lg-2 gutters-col-v-md-2 gutters-col-v-0\">\n                    <!---->\n                    <div class=\"h-column h-column-container d-flex h-col-lg-6 h-col-md-6 h-col-6 style-646-outer style-local-223-c15-outer\">\n                      <div data-colibri-id=\"223-c15\" class=\"d-flex h-flex-basis h-column__inner h-px-lg-0 h-px-md-0 h-px-0 v-inner-lg-0 v-inner-md-0 v-inner-0 style-646 style-local-223-c15 position-relative\">\n                        <!---->\n                        <!---->\n                        <div class=\"w-100 h-y-container h-column__content h-column__v-align flex-basis-100 align-self-lg-start align-self-md-start align-self-start\">\n                          <!---->\n                          <div data-colibri-id=\"223-c16\" class=\"h-global-transition-all h-heading style-647 style-local-223-c16 position-relative h-element\">\n                            <!---->\n                            <div class=\"h-heading__outer style-647 style-local-223-c16\">\n                              <!---->\n                              <!---->\n                              <h5 class=\"\">Pourquoi?<\/h5>\n                            <\/div>\n                          <\/div>\n                          <div data-colibri-id=\"223-c17\" class=\"h-text h-text-component style-648 style-local-223-c17 position-relative h-element\">\n                            <!---->\n                            <!---->\n                            <div class=\"\">\n                              <p>Pour chaque comp\u00e9tition, le club se doit de pr\u00e9senter 3 officiels. Si ce quota n&rsquo;est pas atteinds, le club se voit sanctionn\u00e9 d&rsquo;une amende de 70 euros par r\u00e9union. La comp\u00e9tition peut m\u00eame \u00eatre annul\u00e9e si le nombre d&rsquo;officiels\n                                est insuffisant.<\/p>\n                            <\/div>\n                          <\/div>\n                        <\/div>\n                      <\/div>\n                    <\/div>\n                    <div class=\"h-column h-column-container d-flex h-col-lg-6 h-col-md-6 h-col-6 style-646-outer style-local-223-c18-outer\">\n                      <div data-colibri-id=\"223-c18\" class=\"d-flex h-flex-basis h-column__inner h-px-lg-0 h-px-md-0 h-px-0 v-inner-lg-0 v-inner-md-0 v-inner-0 style-646 style-local-223-c18 position-relative\">\n                        <!---->\n                        <!---->\n                        <div class=\"w-100 h-y-container h-column__content h-column__v-align flex-basis-100 align-self-lg-start align-self-md-start align-self-start\">\n                          <!---->\n                          <div data-colibri-id=\"223-c19\" class=\"h-global-transition-all h-heading style-647 style-local-223-c19 position-relative h-element\">\n                            <!---->\n                            <div class=\"h-heading__outer style-647 style-local-223-c19\">\n                              <!---->\n                              <!---->\n                              <h5 class=\"\">Qui sont les officiels de Natation Course ? <\/h5>\n                            <\/div>\n                          <\/div>\n                          <div data-colibri-id=\"223-c20\" class=\"h-text h-text-component style-648 style-local-223-c20 position-relative h-element\">\n                            <!---->\n                            <!---->\n                            <div class=\"\">\n                              <p>Il existe Quatres cat\u00e9gories d&rsquo;officiels.<\/p>\n                            <\/div>\n                          <\/div>\n                        <\/div>\n                      <\/div>\n                    <\/div>\n                    <div class=\"h-column h-column-container d-flex h-col-lg-6 h-col-md-6 h-col-6 style-646-outer style-local-223-c21-outer\">\n                      <div data-colibri-id=\"223-c21\" class=\"d-flex h-flex-basis h-column__inner h-px-lg-0 h-px-md-0 h-px-0 v-inner-lg-0 v-inner-md-0 v-inner-0 style-646 style-local-223-c21 position-relative\">\n                        <!---->\n                        <!---->\n                        <div class=\"w-100 h-y-container h-column__content h-column__v-align flex-basis-100 align-self-lg-start align-self-md-start align-self-start\">\n                          <!---->\n                          <div data-colibri-id=\"223-c22\" class=\"h-global-transition-all h-heading style-647 style-local-223-c22 position-relative h-element\">\n                            <!---->\n                            <div class=\"h-heading__outer style-647 style-local-223-c22\">\n                              <!---->\n                              <!---->\n                              <h5 class=\"\">Juge Arbitre<\/h5>\n                            <\/div>\n                          <\/div>\n                          <div data-colibri-id=\"223-c23\" class=\"h-text h-text-component style-648 style-local-223-c23 position-relative h-element\">\n                            <!---->\n                            <!---->\n                            <div class=\"\">\n                              <p><span style=\"color: rgb(0, 0, 0);\"><span style=\"color: rgb(0, 0, 0);\">Qui sont qualifi\u00e9s pour tenir les postes de :<\/span><\/span>\n                              <\/p>\n                              <ul>\n                                <li><span style=\"color: rgb(0, 0, 0);\">Chronom\u00e9treur&nbsp;&nbsp;<\/span><\/li>\n                                <li><span style=\"color: rgb(0, 0, 0);\">Juge \u00e0 l\u2019arriv\u00e9e et Juge d\u2019arriv\u00e9e en chef<\/span><\/li>\n                                <li><span style=\"color: rgb(0, 0, 0);\">Contr\u00f4leur de virages et Contr\u00f4leur de virages en chef&nbsp;<\/span><\/li>\n                                <li><span style=\"color: rgb(0, 0, 0);\">Juge de nages&nbsp;<\/span><\/li>\n                                <li><span style=\"color: rgb(0, 0, 0);\">Starter&nbsp;<\/span><\/li>\n                                <li><span style=\"color: rgb(0, 0, 0);\">Juge-Arbitre&nbsp;<\/span><\/li>\n                                <li><span style=\"color: rgb(0, 0, 0);\">Superviseur \/ Secr\u00e9taire<\/span><\/li>\n                              <\/ul>\n                              <p>\n                                <br>\n                              <\/p>\n                            <\/div>\n                          <\/div>\n                        <\/div>\n                      <\/div>\n                    <\/div>\n                    <div class=\"h-column h-column-container d-flex h-col-lg-6 h-col-md-6 h-col-6 style-646-outer style-local-223-c24-outer\">\n                      <div data-colibri-id=\"223-c24\" class=\"d-flex h-flex-basis h-column__inner h-px-lg-0 h-px-md-0 h-px-0 v-inner-lg-0 v-inner-md-0 v-inner-0 style-646 style-local-223-c24 position-relative\">\n                        <!---->\n                        <!---->\n                        <div class=\"w-100 h-y-container h-column__content h-column__v-align flex-basis-100 align-self-lg-start align-self-md-start align-self-start\">\n                          <!---->\n                          <div data-colibri-id=\"223-c25\" class=\"h-global-transition-all h-heading style-647 style-local-223-c25 position-relative h-element\">\n                            <!---->\n                            <div class=\"h-heading__outer style-647 style-local-223-c25\">\n                              <!---->\n                              <!---->\n                              <h5 class=\"\">Starter<\/h5>\n                            <\/div>\n                          <\/div>\n                          <div data-colibri-id=\"223-c26\" class=\"h-text h-text-component style-648 style-local-223-c26 position-relative h-element\">\n                            <!---->\n                            <!---->\n                            <div class=\"\">\n                              <p><span style=\"color: rgb(0, 0, 0);\">Qui sont qualifi\u00e9s pour tenir les postes de :<\/span><\/p>\n                              <ul>\n                                <li><span style=\"color: rgb(0, 0, 0);\">Chronom\u00e9treur&nbsp;&nbsp;<\/span><\/li>\n                                <li><span style=\"color: rgb(0, 0, 0);\">Juge \u00e0 l\u2019arriv\u00e9e et Juge d\u2019arriv\u00e9e en chef<\/span><\/li>\n                                <li><span style=\"color: rgb(0, 0, 0);\">Contr\u00f4leur de virages et Contr\u00f4leur de virages en chef<\/span><\/li>\n                                <li><span style=\"color: rgb(0, 0, 0);\">Juge de nages&nbsp;<\/span><\/li>\n                                <li><span style=\"color: rgb(0, 0, 0);\">Starter&nbsp;<\/span><\/li>\n                              <\/ul>\n                              <p>\n                                <br>\n                              <\/p>\n                            <\/div>\n                          <\/div>\n                        <\/div>\n                      <\/div>\n                    <\/div>\n                    <div class=\"h-column h-column-container d-flex h-col-lg-6 h-col-md-6 h-col-6 style-646-outer style-local-223-c31-outer\">\n                      <div data-colibri-id=\"223-c31\" class=\"d-flex h-flex-basis h-column__inner h-px-lg-0 h-px-md-0 h-px-0 v-inner-lg-0 v-inner-md-0 v-inner-0 style-646 style-local-223-c31 position-relative\">\n                        <!---->\n                        <!---->\n                        <div class=\"w-100 h-y-container h-column__content h-column__v-align flex-basis-100 align-self-lg-start align-self-md-start align-self-start\">\n                          <!---->\n                          <div data-colibri-id=\"223-c32\" class=\"h-global-transition-all h-heading style-647 style-local-223-c32 position-relative h-element\">\n                            <!---->\n                            <div class=\"h-heading__outer style-647 style-local-223-c32\">\n                              <!---->\n                              <!---->\n                              <h5 class=\"\">Juge<\/h5>\n                            <\/div>\n                          <\/div>\n                          <div data-colibri-id=\"223-c33\" class=\"h-text h-text-component style-648 style-local-223-c33 position-relative h-element\">\n                            <!---->\n                            <!---->\n                            <div class=\"\">\n                              <p><span style=\"color: rgb(0, 0, 0);\">Qui ont les comp\u00e9tences pour assurer les fonctions de :<\/span><\/p>\n                              <ul>\n                                <li><span style=\"color: rgb(0, 0, 0);\">Chronom\u00e9treur&nbsp;<\/span><\/li>\n                                <li><span style=\"color: rgb(0, 0, 0);\">Juge \u00e0 l\u2019arriv\u00e9e et Juge d\u2019arriv\u00e9e en chef<\/span><\/li>\n                                <li><span style=\"color: rgb(0, 0, 0);\">Contr\u00f4leur de virages et Contr\u00f4leur de virages en chef&nbsp;<\/span><\/li>\n                                <li><span style=\"color: rgb(0, 0, 0);\">Juge de nages&nbsp;<\/span><\/li>\n                              <\/ul>\n                              <p>\n                                <br>\n                              <\/p>\n                            <\/div>\n                          <\/div>\n                        <\/div>\n                      <\/div>\n                    <\/div>\n                    <div class=\"h-column h-column-container d-flex h-col-lg-6 h-col-md-6 h-col-6 style-646-outer style-local-223-c34-outer\">\n                      <div data-colibri-id=\"223-c34\" class=\"d-flex h-flex-basis h-column__inner h-px-lg-0 h-px-md-0 h-px-0 v-inner-lg-0 v-inner-md-0 v-inner-0 style-646 style-local-223-c34 position-relative\">\n                        <!---->\n                        <!---->\n                        <div class=\"w-100 h-y-container h-column__content h-column__v-align flex-basis-100 align-self-lg-start align-self-md-start align-self-start\">\n                          <!---->\n                          <div data-colibri-id=\"223-c35\" class=\"h-global-transition-all h-heading style-647 style-local-223-c35 position-relative h-element\">\n                            <!---->\n                            <div class=\"h-heading__outer style-647 style-local-223-c35\">\n                              <!---->\n                              <!---->\n                              <h5 class=\"\">Chronom\u00e9treur<\/h5>\n                            <\/div>\n                          <\/div>\n                          <div data-colibri-id=\"223-c36\" class=\"h-text h-text-component style-648 style-local-223-c36 position-relative h-element\">\n                            <!---->\n                            <!---->\n                            <div class=\"\">\n                              <p><span style=\"color: rgb(0, 0, 0);\">Qui ont les comp\u00e9tences pour :<\/span><\/p>\n                              <ul>\n                                <li><span style=\"color: rgb(0, 0, 0);\">prendre le temps du nageur dans le couloir qui leur a \u00e9t\u00e9 assign\u00e9.<\/span><\/li>\n                                <li><span style=\"color: rgb(0, 0, 0);\">Juger l\u2019ordre d\u2019arriv\u00e9e<\/span><\/li>\n                              <\/ul>\n                              <p>\n                                <br>\n                              <\/p>\n                            <\/div>\n                          <\/div>\n                        <\/div>\n                      <\/div>\n                    <\/div>\n                  <\/div>\n                <\/div>\n              <\/div>\n            <\/div>\n          <\/div>\n          <div class=\"h-column h-column-container d-flex h-col-lg-auto h-col-md-auto h-col-auto style-649-outer style-local-223-c27-outer\">\n            <div data-colibri-id=\"223-c27\" class=\"d-flex h-flex-basis h-column__inner h-ui-empty-state-container h-px-lg-0 h-px-md-0 h-px-0 v-inner-lg-0 v-inner-md-0 v-inner-0 style-649 style-local-223-c27 position-relative\">\n              <!---->\n              <!---->\n              <div class=\"w-100 h-y-container h-column__content h-column__v-align flex-basis-100\">\n                <!---->\n              <\/div>\n            <\/div>\n          <\/div>\n        <\/div>\n      <\/div>\n    <\/div>\n  <\/div>\n<\/div>","protected":false},"excerpt":{"rendered":"<p>Les officiels Votre enfant fait des comp\u00e9titions lors desquelles vous l&rsquo;accompagnez ou vous-m\u00eame [&hellip;]<\/p>\n","protected":false},"author":1,"featured_media":0,"parent":0,"menu_order":14,"comment_status":"closed","ping_status":"closed","template":"page-templates\/full-width-page.php","meta":{"footnotes":""},"class_list":["post-223","page","type-page","status-publish","hentry"],"yoast_head":"<!-- This site is optimized with the Yoast SEO plugin v27.5 - https:\/\/yoast.com\/product\/yoast-seo-wordpress\/ -->\n<title>Officiels - \u00c9toile Nautique Chantonnaisienne<\/title>\n<meta name=\"robots\" content=\"index, follow, max-snippet:-1, max-image-preview:large, max-video-preview:-1\" \/>\n<link rel=\"canonical\" href=\"https:\/\/www.natationchantonnay.com\/index.php\/officiels\/\" \/>\n<meta property=\"og:locale\" content=\"fr_FR\" \/>\n<meta property=\"og:type\" content=\"article\" \/>\n<meta property=\"og:title\" content=\"Officiels - \u00c9toile Nautique Chantonnaisienne\" \/>\n<meta property=\"og:description\" content=\"Les officiels Votre enfant fait des comp\u00e9titions lors desquelles vous l&rsquo;accompagnez ou vous-m\u00eame [&hellip;]\" \/>\n<meta property=\"og:url\" content=\"https:\/\/www.natationchantonnay.com\/index.php\/officiels\/\" \/>\n<meta property=\"og:site_name\" content=\"\u00c9toile Nautique Chantonnaisienne\" \/>\n<meta property=\"article:modified_time\" content=\"2025-07-09T07:51:44+00:00\" \/>\n<meta name=\"twitter:card\" content=\"summary_large_image\" \/>\n<meta name=\"twitter:label1\" content=\"Dur\u00e9e de lecture estim\u00e9e\" \/>\n\t<meta name=\"twitter:data1\" content=\"1 minute\" \/>\n<script type=\"application\/ld+json\" class=\"yoast-schema-graph\">{\"@context\":\"https:\\\/\\\/schema.org\",\"@graph\":[{\"@type\":\"WebPage\",\"@id\":\"https:\\\/\\\/www.natationchantonnay.com\\\/index.php\\\/officiels\\\/\",\"url\":\"https:\\\/\\\/www.natationchantonnay.com\\\/index.php\\\/officiels\\\/\",\"name\":\"Officiels - \u00c9toile Nautique Chantonnaisienne\",\"isPartOf\":{\"@id\":\"https:\\\/\\\/www.natationchantonnay.com\\\/#website\"},\"datePublished\":\"2025-05-25T21:41:47+00:00\",\"dateModified\":\"2025-07-09T07:51:44+00:00\",\"breadcrumb\":{\"@id\":\"https:\\\/\\\/www.natationchantonnay.com\\\/index.php\\\/officiels\\\/#breadcrumb\"},\"inLanguage\":\"fr-FR\",\"potentialAction\":[{\"@type\":\"ReadAction\",\"target\":[\"https:\\\/\\\/www.natationchantonnay.com\\\/index.php\\\/officiels\\\/\"]}]},{\"@type\":\"BreadcrumbList\",\"@id\":\"https:\\\/\\\/www.natationchantonnay.com\\\/index.php\\\/officiels\\\/#breadcrumb\",\"itemListElement\":[{\"@type\":\"ListItem\",\"position\":1,\"name\":\"Accueil\",\"item\":\"https:\\\/\\\/www.natationchantonnay.com\\\/\"},{\"@type\":\"ListItem\",\"position\":2,\"name\":\"Officiels\"}]},{\"@type\":\"WebSite\",\"@id\":\"https:\\\/\\\/www.natationchantonnay.com\\\/#website\",\"url\":\"https:\\\/\\\/www.natationchantonnay.com\\\/\",\"name\":\"\u00c9toile Nautique Chantonnaisienne\",\"description\":\"\",\"publisher\":{\"@id\":\"https:\\\/\\\/www.natationchantonnay.com\\\/#organization\"},\"potentialAction\":[{\"@type\":\"SearchAction\",\"target\":{\"@type\":\"EntryPoint\",\"urlTemplate\":\"https:\\\/\\\/www.natationchantonnay.com\\\/?s={search_term_string}\"},\"query-input\":{\"@type\":\"PropertyValueSpecification\",\"valueRequired\":true,\"valueName\":\"search_term_string\"}}],\"inLanguage\":\"fr-FR\"},{\"@type\":\"Organization\",\"@id\":\"https:\\\/\\\/www.natationchantonnay.com\\\/#organization\",\"name\":\"\u00c9toile Nautique Chantonnaisienne\",\"url\":\"https:\\\/\\\/www.natationchantonnay.com\\\/\",\"logo\":{\"@type\":\"ImageObject\",\"inLanguage\":\"fr-FR\",\"@id\":\"https:\\\/\\\/www.natationchantonnay.com\\\/#\\\/schema\\\/logo\\\/image\\\/\",\"url\":\"https:\\\/\\\/www.natationchantonnay.com\\\/wp-content\\\/uploads\\\/2025\\\/05\\\/cropped-logo-ENC-3.png\",\"contentUrl\":\"https:\\\/\\\/www.natationchantonnay.com\\\/wp-content\\\/uploads\\\/2025\\\/05\\\/cropped-logo-ENC-3.png\",\"width\":512,\"height\":512,\"caption\":\"\u00c9toile Nautique Chantonnaisienne\"},\"image\":{\"@id\":\"https:\\\/\\\/www.natationchantonnay.com\\\/#\\\/schema\\\/logo\\\/image\\\/\"}}]}<\/script>\n<!-- \/ Yoast SEO plugin. -->","yoast_head_json":{"title":"Officiels - \u00c9toile Nautique Chantonnaisienne","robots":{"index":"index","follow":"follow","max-snippet":"max-snippet:-1","max-image-preview":"max-image-preview:large","max-video-preview":"max-video-preview:-1"},"canonical":"https:\/\/www.natationchantonnay.com\/index.php\/officiels\/","og_locale":"fr_FR","og_type":"article","og_title":"Officiels - \u00c9toile Nautique Chantonnaisienne","og_description":"Les officiels Votre enfant fait des comp\u00e9titions lors desquelles vous l&rsquo;accompagnez ou vous-m\u00eame [&hellip;]","og_url":"https:\/\/www.natationchantonnay.com\/index.php\/officiels\/","og_site_name":"\u00c9toile Nautique Chantonnaisienne","article_modified_time":"2025-07-09T07:51:44+00:00","twitter_card":"summary_large_image","twitter_misc":{"Dur\u00e9e de lecture estim\u00e9e":"1 minute"},"schema":{"@context":"https:\/\/schema.org","@graph":[{"@type":"WebPage","@id":"https:\/\/www.natationchantonnay.com\/index.php\/officiels\/","url":"https:\/\/www.natationchantonnay.com\/index.php\/officiels\/","name":"Officiels - \u00c9toile Nautique Chantonnaisienne","isPartOf":{"@id":"https:\/\/www.natationchantonnay.com\/#website"},"datePublished":"2025-05-25T21:41:47+00:00","dateModified":"2025-07-09T07:51:44+00:00","breadcrumb":{"@id":"https:\/\/www.natationchantonnay.com\/index.php\/officiels\/#breadcrumb"},"inLanguage":"fr-FR","potentialAction":[{"@type":"ReadAction","target":["https:\/\/www.natationchantonnay.com\/index.php\/officiels\/"]}]},{"@type":"BreadcrumbList","@id":"https:\/\/www.natationchantonnay.com\/index.php\/officiels\/#breadcrumb","itemListElement":[{"@type":"ListItem","position":1,"name":"Accueil","item":"https:\/\/www.natationchantonnay.com\/"},{"@type":"ListItem","position":2,"name":"Officiels"}]},{"@type":"WebSite","@id":"https:\/\/www.natationchantonnay.com\/#website","url":"https:\/\/www.natationchantonnay.com\/","name":"\u00c9toile Nautique Chantonnaisienne","description":"","publisher":{"@id":"https:\/\/www.natationchantonnay.com\/#organization"},"potentialAction":[{"@type":"SearchAction","target":{"@type":"EntryPoint","urlTemplate":"https:\/\/www.natationchantonnay.com\/?s={search_term_string}"},"query-input":{"@type":"PropertyValueSpecification","valueRequired":true,"valueName":"search_term_string"}}],"inLanguage":"fr-FR"},{"@type":"Organization","@id":"https:\/\/www.natationchantonnay.com\/#organization","name":"\u00c9toile Nautique Chantonnaisienne","url":"https:\/\/www.natationchantonnay.com\/","logo":{"@type":"ImageObject","inLanguage":"fr-FR","@id":"https:\/\/www.natationchantonnay.com\/#\/schema\/logo\/image\/","url":"https:\/\/www.natationchantonnay.com\/wp-content\/uploads\/2025\/05\/cropped-logo-ENC-3.png","contentUrl":"https:\/\/www.natationchantonnay.com\/wp-content\/uploads\/2025\/05\/cropped-logo-ENC-3.png","width":512,"height":512,"caption":"\u00c9toile Nautique Chantonnaisienne"},"image":{"@id":"https:\/\/www.natationchantonnay.com\/#\/schema\/logo\/image\/"}}]}},"_links":{"self":[{"href":"https:\/\/www.natationchantonnay.com\/index.php\/wp-json\/wp\/v2\/pages\/223","targetHints":{"allow":["GET"]}}],"collection":[{"href":"https:\/\/www.natationchantonnay.com\/index.php\/wp-json\/wp\/v2\/pages"}],"about":[{"href":"https:\/\/www.natationchantonnay.com\/index.php\/wp-json\/wp\/v2\/types\/page"}],"author":[{"embeddable":true,"href":"https:\/\/www.natationchantonnay.com\/index.php\/wp-json\/wp\/v2\/users\/1"}],"replies":[{"embeddable":true,"href":"https:\/\/www.natationchantonnay.com\/index.php\/wp-json\/wp\/v2\/comments?post=223"}],"version-history":[{"count":0,"href":"https:\/\/www.natationchantonnay.com\/index.php\/wp-json\/wp\/v2\/pages\/223\/revisions"}],"wp:attachment":[{"href":"https:\/\/www.natationchantonnay.com\/index.php\/wp-json\/wp\/v2\/media?parent=223"}],"curies":[{"name":"wp","href":"https:\/\/api.w.org\/{rel}","templated":true}]}}