{"id":227,"date":"2025-05-25T23:42:31","date_gmt":"2025-05-25T21:42:31","guid":{"rendered":"http:\/\/192.168.59.31\/?page_id=227"},"modified":"2025-07-09T09:33:12","modified_gmt":"2025-07-09T07:33:12","slug":"resultats","status":"publish","type":"page","link":"https:\/\/www.natationchantonnay.com\/index.php\/resultats\/","title":{"rendered":"R\u00e9sultats"},"content":{"rendered":"<div data-colibri-id=\"227-c1\" class=\"style-597 style-local-227-c1 position-relative\">\n  <!---->\n  <div data-colibri-component=\"section\" data-colibri-id=\"227-c23\" id=\"features\" class=\"h-section h-section-global-spacing d-flex align-items-lg-center align-items-md-center align-items-center style-619 style-local-227-c23 position-relative\">\n    <!---->\n    <!---->\n    <div class=\"h-section-grid-container h-section-boxed-container\">\n      <div data-colibri-id=\"227-c49\" class=\"h-row-container gutters-row-lg-2 gutters-row-md-2 gutters-row-0 gutters-row-v-lg-2 gutters-row-v-md-2 gutters-row-v-2 style-629 style-local-227-c49 position-relative\">\n        <!---->\n        <div class=\"h-row justify-content-lg-center justify-content-md-center justify-content-center align-items-lg-stretch align-items-md-stretch align-items-stretch gutters-col-lg-2 gutters-col-md-2 gutters-col-0 gutters-col-v-lg-2 gutters-col-v-md-2 gutters-col-v-2\">\n          <!---->\n          <div class=\"h-column h-column-container d-flex h-col-lg-auto h-col-md-auto h-col-auto style-630-outer style-local-227-c50-outer\">\n            <div data-colibri-id=\"227-c50\" class=\"d-flex h-flex-basis h-column__inner h-px-lg-2 h-px-md-2 h-px-2 v-inner-lg-2 v-inner-md-2 v-inner-2 style-630 style-local-227-c50 position-relative\">\n              <!---->\n              <!---->\n              <div class=\"w-100 h-y-container h-column__content h-column__v-align flex-basis-100 align-self-lg-start align-self-md-start align-self-start\">\n                <!---->\n                <div data-colibri-id=\"227-c51\" class=\"h-global-transition-all h-heading style-631 style-local-227-c51 position-relative h-element\">\n                  <!---->\n                  <div class=\"h-heading__outer style-631 style-local-227-c51\">\n                    <!---->\n                    <!---->\n                    <h2 class=\"\">Les r\u00e9sultats par comp\u00e9tition<\/h2>\n                  <\/div>\n                <\/div>\n              <\/div>\n            <\/div>\n          <\/div>\n        <\/div>\n      <\/div>\n      <div data-colibri-id=\"227-c24\" class=\"h-row-container gutters-row-lg-2 gutters-row-md-2 gutters-row-2 gutters-row-v-lg-2 gutters-row-v-md-2 gutters-row-v-2 style-620 style-local-227-c24 position-relative\">\n        <!---->\n        <div class=\"h-row justify-content-lg-center justify-content-md-center justify-content-center align-items-lg-stretch align-items-md-stretch align-items-stretch gutters-col-lg-2 gutters-col-md-2 gutters-col-2 gutters-col-v-lg-2 gutters-col-v-md-2 gutters-col-v-2\">\n          <!---->\n          <div class=\"h-column h-column-container d-flex h-col-lg-4 h-col-md-6 h-col-12 style-621-outer style-local-227-c25-outer\">\n            <div data-colibri-id=\"227-c25\" class=\"d-flex h-flex-basis h-column__inner h-px-lg-0 h-px-md-0 h-px-0 v-inner-lg-0 v-inner-md-0 v-inner-0 style-621 style-local-227-c25 position-relative\">\n              <!---->\n              <!---->\n              <div class=\"w-100 h-y-container h-column__content h-column__v-align flex-basis-100 align-self-lg-start align-self-md-start align-self-start\">\n                <!---->\n                <div data-colibri-id=\"227-c26\" class=\"d-block style-622 style-local-227-c26 position-relative h-element\">\n                  <!---->\n                  <div class=\"h-image__frame-container-outer\">\n                    <div class=\"h-image__frame-container\">\n                      <!---->\n                      <!---->\n                      <img loading=\"lazy\" decoding=\"async\" width=\"1920\" height=\"1920\" src=\"https:\/\/www.natationchantonnay.com\/wp-content\/uploads\/2025\/07\/cropped-IMG_3597-scaled-1.jpeg\" class=\"wp-image-1310 style-622-image style-local-227-c26-image\" alt=\"\" srcset=\"https:\/\/www.natationchantonnay.com\/wp-content\/uploads\/2025\/07\/cropped-IMG_3597-scaled-1.jpeg 1920w, https:\/\/www.natationchantonnay.com\/wp-content\/uploads\/2025\/07\/cropped-IMG_3597-scaled-1-300x300.jpeg 300w, https:\/\/www.natationchantonnay.com\/wp-content\/uploads\/2025\/07\/cropped-IMG_3597-scaled-1-1024x1024.jpeg 1024w, https:\/\/www.natationchantonnay.com\/wp-content\/uploads\/2025\/07\/cropped-IMG_3597-scaled-1-150x150.jpeg 150w, https:\/\/www.natationchantonnay.com\/wp-content\/uploads\/2025\/07\/cropped-IMG_3597-scaled-1-768x768.jpeg 768w, https:\/\/www.natationchantonnay.com\/wp-content\/uploads\/2025\/07\/cropped-IMG_3597-scaled-1-1536x1536.jpeg 1536w\" sizes=\"auto, (max-width: 1920px) 100vw, 1920px\" \/>\n                      <div class=\"h-image__frame h-hide-lg h-hide-md h-hide-sm style-622-frameImage style-local-227-c26-frameImage\"><\/div>\n                    <\/div>\n                  <\/div>\n                <\/div>\n                <div data-colibri-id=\"227-c27\" class=\"h-row-container gutters-row-lg-0 gutters-row-md-0 gutters-row-2 gutters-row-v-lg-0 gutters-row-v-md-0 gutters-row-v-2 style-623 style-local-227-c27 position-relative\">\n                  <!---->\n                  <div class=\"h-row justify-content-lg-center justify-content-md-center justify-content-center align-items-lg-stretch align-items-md-stretch align-items-stretch gutters-col-lg-0 gutters-col-md-0 gutters-col-2 gutters-col-v-lg-0 gutters-col-v-md-0 gutters-col-v-2\">\n                    <!---->\n                    <div class=\"h-column h-column-container d-flex h-col-lg-auto h-col-md-auto h-col-auto style-624-outer style-local-227-c28-outer\">\n                      <div data-colibri-id=\"227-c28\" class=\"d-flex h-flex-basis h-column__inner h-px-lg-2 h-px-md-3 h-px-2 v-inner-lg-2 v-inner-md-3 v-inner-2 style-624 style-local-227-c28 position-relative\">\n                        <!---->\n                        <!---->\n                        <div class=\"w-100 h-y-container h-column__content h-column__v-align flex-basis-100 align-self-lg-start align-self-md-start align-self-start\">\n                          <!---->\n                          <div data-colibri-id=\"227-c29\" class=\"h-global-transition-all h-heading style-625 style-local-227-c29 position-relative h-element\">\n                            <!---->\n                            <div class=\"h-heading__outer style-625 style-local-227-c29\">\n                              <!---->\n                              <!---->\n                              <h4 class=\"\">La Ch\u00e2taigneraie 06\/07\/2025<\/h4>\n                            <\/div>\n                          <\/div>\n                          <div data-colibri-id=\"227-c30\" class=\"h-text h-text-component style-626 style-local-227-c30 position-relative h-element\">\n                            <!---->\n                            <!---->\n                            <div class=\"\">\n                              <p>Comp\u00e9tition de fin de saison<\/p>\n                            <\/div>\n                          <\/div>\n                        <\/div>\n                      <\/div>\n                    <\/div>\n                  <\/div>\n                <\/div>\n                <div data-colibri-id=\"227-c31\" class=\"h-x-container style-627 style-local-227-c31 position-relative h-element\">\n                  <!---->\n                  <div class=\"h-x-container-inner style-dynamic-227-c31-group style-627-spacing style-local-227-c31-spacing\"><span class=\"h-link__outer style-628-outer style-local-227-c32-outer d-inline-flex h-element\"><a h-use-smooth-scroll=\"true\" href=\"https:\/\/www.natationchantonnay.com\/wp-content\/uploads\/2025\/07\/image_2025-07-09_093205620.png\"  data-colibri-id=\"227-c32\" class=\"d-flex w-100 align-items-center h-link style-628 style-local-227-c32 position-relative\"><!----><!----> <span>Voir les r\u00e9sultat<\/span>                    <span class=\"h-svg-icon h-link__icon style-628-icon style-local-227-c32-icon\"><!--Icon by Icons8 Line Awesome (https:\/\/icons8.com\/line-awesome)--><svg version=\"1.1\" xmlns=\"http:\/\/www.w3.org\/2000\/svg\" xmlns:xlink=\"http:\/\/www.w3.org\/1999\/xlink\" id=\"angle-double-right\" viewBox=\"0 0 512 545.5\"><path d=\"M145.5 108.5l168 168L325 288l-11.5 11.5-168 168-22.5-23L279.5 288 123 131.5zm112 0l168 168L437 288l-11.5 11.5-168 168-22.5-23L391.5 288 235 131.5z\"><\/path><\/svg><\/span><\/a>\n                    <\/span>\n                  <\/div>\n                <\/div>\n              <\/div>\n            <\/div>\n          <\/div>\n        <\/div>\n      <\/div>\n    <\/div>\n  <\/div>\n<\/div>","protected":false},"excerpt":{"rendered":"<p>Les r\u00e9sultats par comp\u00e9tition La Ch\u00e2taigneraie 06\/07\/2025 Comp\u00e9tition de fin de saison Voir [&hellip;]<\/p>\n","protected":false},"author":1,"featured_media":0,"parent":0,"menu_order":17,"comment_status":"closed","ping_status":"closed","template":"page-templates\/full-width-page.php","meta":{"footnotes":""},"class_list":["post-227","page","type-page","status-publish","hentry"],"yoast_head":"<!-- This site is optimized with the Yoast SEO plugin v27.5 - https:\/\/yoast.com\/product\/yoast-seo-wordpress\/ -->\n<title>R\u00e9sultats - \u00c9toile Nautique Chantonnaisienne<\/title>\n<meta name=\"robots\" content=\"index, follow, max-snippet:-1, max-image-preview:large, max-video-preview:-1\" \/>\n<link rel=\"canonical\" href=\"https:\/\/www.natationchantonnay.com\/index.php\/resultats\/\" \/>\n<meta property=\"og:locale\" content=\"fr_FR\" \/>\n<meta property=\"og:type\" content=\"article\" \/>\n<meta property=\"og:title\" content=\"R\u00e9sultats - \u00c9toile Nautique Chantonnaisienne\" \/>\n<meta property=\"og:description\" content=\"Les r\u00e9sultats par comp\u00e9tition La Ch\u00e2taigneraie 06\/07\/2025 Comp\u00e9tition de fin de saison Voir [&hellip;]\" \/>\n<meta property=\"og:url\" content=\"https:\/\/www.natationchantonnay.com\/index.php\/resultats\/\" \/>\n<meta property=\"og:site_name\" content=\"\u00c9toile Nautique Chantonnaisienne\" \/>\n<meta property=\"article:modified_time\" content=\"2025-07-09T07:33:12+00:00\" \/>\n<meta property=\"og:image\" content=\"https:\/\/www.natationchantonnay.com\/wp-content\/uploads\/2025\/07\/cropped-IMG_3597-scaled-1.jpeg\" \/>\n\t<meta property=\"og:image:width\" content=\"1920\" \/>\n\t<meta property=\"og:image:height\" content=\"1920\" \/>\n\t<meta property=\"og:image:type\" content=\"image\/jpeg\" \/>\n<meta name=\"twitter:card\" content=\"summary_large_image\" \/>\n<script type=\"application\/ld+json\" class=\"yoast-schema-graph\">{\"@context\":\"https:\\\/\\\/schema.org\",\"@graph\":[{\"@type\":\"WebPage\",\"@id\":\"https:\\\/\\\/www.natationchantonnay.com\\\/index.php\\\/resultats\\\/\",\"url\":\"https:\\\/\\\/www.natationchantonnay.com\\\/index.php\\\/resultats\\\/\",\"name\":\"R\u00e9sultats - \u00c9toile Nautique Chantonnaisienne\",\"isPartOf\":{\"@id\":\"https:\\\/\\\/www.natationchantonnay.com\\\/#website\"},\"primaryImageOfPage\":{\"@id\":\"https:\\\/\\\/www.natationchantonnay.com\\\/index.php\\\/resultats\\\/#primaryimage\"},\"image\":{\"@id\":\"https:\\\/\\\/www.natationchantonnay.com\\\/index.php\\\/resultats\\\/#primaryimage\"},\"thumbnailUrl\":\"https:\\\/\\\/www.natationchantonnay.com\\\/wp-content\\\/uploads\\\/2025\\\/07\\\/cropped-IMG_3597-scaled-1.jpeg\",\"datePublished\":\"2025-05-25T21:42:31+00:00\",\"dateModified\":\"2025-07-09T07:33:12+00:00\",\"breadcrumb\":{\"@id\":\"https:\\\/\\\/www.natationchantonnay.com\\\/index.php\\\/resultats\\\/#breadcrumb\"},\"inLanguage\":\"fr-FR\",\"potentialAction\":[{\"@type\":\"ReadAction\",\"target\":[\"https:\\\/\\\/www.natationchantonnay.com\\\/index.php\\\/resultats\\\/\"]}]},{\"@type\":\"ImageObject\",\"inLanguage\":\"fr-FR\",\"@id\":\"https:\\\/\\\/www.natationchantonnay.com\\\/index.php\\\/resultats\\\/#primaryimage\",\"url\":\"https:\\\/\\\/www.natationchantonnay.com\\\/wp-content\\\/uploads\\\/2025\\\/07\\\/cropped-IMG_3597-scaled-1.jpeg\",\"contentUrl\":\"https:\\\/\\\/www.natationchantonnay.com\\\/wp-content\\\/uploads\\\/2025\\\/07\\\/cropped-IMG_3597-scaled-1.jpeg\",\"width\":1920,\"height\":1920},{\"@type\":\"BreadcrumbList\",\"@id\":\"https:\\\/\\\/www.natationchantonnay.com\\\/index.php\\\/resultats\\\/#breadcrumb\",\"itemListElement\":[{\"@type\":\"ListItem\",\"position\":1,\"name\":\"Accueil\",\"item\":\"https:\\\/\\\/www.natationchantonnay.com\\\/\"},{\"@type\":\"ListItem\",\"position\":2,\"name\":\"R\u00e9sultats\"}]},{\"@type\":\"WebSite\",\"@id\":\"https:\\\/\\\/www.natationchantonnay.com\\\/#website\",\"url\":\"https:\\\/\\\/www.natationchantonnay.com\\\/\",\"name\":\"\u00c9toile Nautique Chantonnaisienne\",\"description\":\"\",\"publisher\":{\"@id\":\"https:\\\/\\\/www.natationchantonnay.com\\\/#organization\"},\"potentialAction\":[{\"@type\":\"SearchAction\",\"target\":{\"@type\":\"EntryPoint\",\"urlTemplate\":\"https:\\\/\\\/www.natationchantonnay.com\\\/?s={search_term_string}\"},\"query-input\":{\"@type\":\"PropertyValueSpecification\",\"valueRequired\":true,\"valueName\":\"search_term_string\"}}],\"inLanguage\":\"fr-FR\"},{\"@type\":\"Organization\",\"@id\":\"https:\\\/\\\/www.natationchantonnay.com\\\/#organization\",\"name\":\"\u00c9toile Nautique Chantonnaisienne\",\"url\":\"https:\\\/\\\/www.natationchantonnay.com\\\/\",\"logo\":{\"@type\":\"ImageObject\",\"inLanguage\":\"fr-FR\",\"@id\":\"https:\\\/\\\/www.natationchantonnay.com\\\/#\\\/schema\\\/logo\\\/image\\\/\",\"url\":\"https:\\\/\\\/www.natationchantonnay.com\\\/wp-content\\\/uploads\\\/2025\\\/05\\\/cropped-logo-ENC-3.png\",\"contentUrl\":\"https:\\\/\\\/www.natationchantonnay.com\\\/wp-content\\\/uploads\\\/2025\\\/05\\\/cropped-logo-ENC-3.png\",\"width\":512,\"height\":512,\"caption\":\"\u00c9toile Nautique Chantonnaisienne\"},\"image\":{\"@id\":\"https:\\\/\\\/www.natationchantonnay.com\\\/#\\\/schema\\\/logo\\\/image\\\/\"}}]}<\/script>\n<!-- \/ Yoast SEO plugin. -->","yoast_head_json":{"title":"R\u00e9sultats - \u00c9toile Nautique Chantonnaisienne","robots":{"index":"index","follow":"follow","max-snippet":"max-snippet:-1","max-image-preview":"max-image-preview:large","max-video-preview":"max-video-preview:-1"},"canonical":"https:\/\/www.natationchantonnay.com\/index.php\/resultats\/","og_locale":"fr_FR","og_type":"article","og_title":"R\u00e9sultats - \u00c9toile Nautique Chantonnaisienne","og_description":"Les r\u00e9sultats par comp\u00e9tition La Ch\u00e2taigneraie 06\/07\/2025 Comp\u00e9tition de fin de saison Voir [&hellip;]","og_url":"https:\/\/www.natationchantonnay.com\/index.php\/resultats\/","og_site_name":"\u00c9toile Nautique Chantonnaisienne","article_modified_time":"2025-07-09T07:33:12+00:00","og_image":[{"width":1920,"height":1920,"url":"https:\/\/www.natationchantonnay.com\/wp-content\/uploads\/2025\/07\/cropped-IMG_3597-scaled-1.jpeg","type":"image\/jpeg"}],"twitter_card":"summary_large_image","schema":{"@context":"https:\/\/schema.org","@graph":[{"@type":"WebPage","@id":"https:\/\/www.natationchantonnay.com\/index.php\/resultats\/","url":"https:\/\/www.natationchantonnay.com\/index.php\/resultats\/","name":"R\u00e9sultats - \u00c9toile Nautique Chantonnaisienne","isPartOf":{"@id":"https:\/\/www.natationchantonnay.com\/#website"},"primaryImageOfPage":{"@id":"https:\/\/www.natationchantonnay.com\/index.php\/resultats\/#primaryimage"},"image":{"@id":"https:\/\/www.natationchantonnay.com\/index.php\/resultats\/#primaryimage"},"thumbnailUrl":"https:\/\/www.natationchantonnay.com\/wp-content\/uploads\/2025\/07\/cropped-IMG_3597-scaled-1.jpeg","datePublished":"2025-05-25T21:42:31+00:00","dateModified":"2025-07-09T07:33:12+00:00","breadcrumb":{"@id":"https:\/\/www.natationchantonnay.com\/index.php\/resultats\/#breadcrumb"},"inLanguage":"fr-FR","potentialAction":[{"@type":"ReadAction","target":["https:\/\/www.natationchantonnay.com\/index.php\/resultats\/"]}]},{"@type":"ImageObject","inLanguage":"fr-FR","@id":"https:\/\/www.natationchantonnay.com\/index.php\/resultats\/#primaryimage","url":"https:\/\/www.natationchantonnay.com\/wp-content\/uploads\/2025\/07\/cropped-IMG_3597-scaled-1.jpeg","contentUrl":"https:\/\/www.natationchantonnay.com\/wp-content\/uploads\/2025\/07\/cropped-IMG_3597-scaled-1.jpeg","width":1920,"height":1920},{"@type":"BreadcrumbList","@id":"https:\/\/www.natationchantonnay.com\/index.php\/resultats\/#breadcrumb","itemListElement":[{"@type":"ListItem","position":1,"name":"Accueil","item":"https:\/\/www.natationchantonnay.com\/"},{"@type":"ListItem","position":2,"name":"R\u00e9sultats"}]},{"@type":"WebSite","@id":"https:\/\/www.natationchantonnay.com\/#website","url":"https:\/\/www.natationchantonnay.com\/","name":"\u00c9toile Nautique Chantonnaisienne","description":"","publisher":{"@id":"https:\/\/www.natationchantonnay.com\/#organization"},"potentialAction":[{"@type":"SearchAction","target":{"@type":"EntryPoint","urlTemplate":"https:\/\/www.natationchantonnay.com\/?s={search_term_string}"},"query-input":{"@type":"PropertyValueSpecification","valueRequired":true,"valueName":"search_term_string"}}],"inLanguage":"fr-FR"},{"@type":"Organization","@id":"https:\/\/www.natationchantonnay.com\/#organization","name":"\u00c9toile Nautique Chantonnaisienne","url":"https:\/\/www.natationchantonnay.com\/","logo":{"@type":"ImageObject","inLanguage":"fr-FR","@id":"https:\/\/www.natationchantonnay.com\/#\/schema\/logo\/image\/","url":"https:\/\/www.natationchantonnay.com\/wp-content\/uploads\/2025\/05\/cropped-logo-ENC-3.png","contentUrl":"https:\/\/www.natationchantonnay.com\/wp-content\/uploads\/2025\/05\/cropped-logo-ENC-3.png","width":512,"height":512,"caption":"\u00c9toile Nautique Chantonnaisienne"},"image":{"@id":"https:\/\/www.natationchantonnay.com\/#\/schema\/logo\/image\/"}}]}},"_links":{"self":[{"href":"https:\/\/www.natationchantonnay.com\/index.php\/wp-json\/wp\/v2\/pages\/227","targetHints":{"allow":["GET"]}}],"collection":[{"href":"https:\/\/www.natationchantonnay.com\/index.php\/wp-json\/wp\/v2\/pages"}],"about":[{"href":"https:\/\/www.natationchantonnay.com\/index.php\/wp-json\/wp\/v2\/types\/page"}],"author":[{"embeddable":true,"href":"https:\/\/www.natationchantonnay.com\/index.php\/wp-json\/wp\/v2\/users\/1"}],"replies":[{"embeddable":true,"href":"https:\/\/www.natationchantonnay.com\/index.php\/wp-json\/wp\/v2\/comments?post=227"}],"version-history":[{"count":0,"href":"https:\/\/www.natationchantonnay.com\/index.php\/wp-json\/wp\/v2\/pages\/227\/revisions"}],"wp:attachment":[{"href":"https:\/\/www.natationchantonnay.com\/index.php\/wp-json\/wp\/v2\/media?parent=227"}],"curies":[{"name":"wp","href":"https:\/\/api.w.org\/{rel}","templated":true}]}}