{"id":843,"date":"2025-06-06T18:20:49","date_gmt":"2025-06-06T16:20:49","guid":{"rendered":"http:\/\/192.168.59.31\/?page_id=843"},"modified":"2025-06-26T23:23:54","modified_gmt":"2025-06-26T21:23:54","slug":"adolescents","status":"publish","type":"page","link":"https:\/\/www.natationchantonnay.com\/index.php\/adolescents\/","title":{"rendered":"Adolescents"},"content":{"rendered":"<div data-colibri-id=\"843-c28\" class=\"style-405 style-local-843-c28 position-relative\">\n  <!---->\n  <div data-colibri-component=\"section\" data-colibri-id=\"843-c29\" id=\"content\" class=\"h-section h-section-global-spacing d-flex align-items-lg-center align-items-md-center align-items-center style-406 style-local-843-c29 position-relative\">\n    <!---->\n    <!---->\n    <div class=\"h-section-grid-container h-section-fluid-container\">\n      <!---->\n      <div data-colibri-id=\"843-c30\" class=\"h-row-container gutters-row-lg-0 gutters-row-md-0 gutters-row-2 gutters-row-v-lg-0 gutters-row-v-md-0 gutters-row-v-2 style-407 style-local-843-c30 position-relative\">\n        <!---->\n        <div class=\"h-row justify-content-lg-center justify-content-md-center justify-content-center align-items-lg-stretch align-items-md-stretch align-items-stretch gutters-col-lg-0 gutters-col-md-0 gutters-col-2 gutters-col-v-lg-0 gutters-col-v-md-0 gutters-col-v-2\">\n          <!---->\n          <div class=\"h-column h-column-container d-flex h-col-lg-auto h-col-md-auto h-col-auto style-408-outer style-local-843-c31-outer\">\n            <div data-colibri-id=\"843-c31\" class=\"d-flex h-flex-basis h-column__inner h-px-lg-0 h-px-md-0 h-px-0 v-inner-lg-0 v-inner-md-0 v-inner-0 style-408 style-local-843-c31 position-relative\">\n              <!---->\n              <!---->\n              <div class=\"w-100 h-y-container h-column__content h-column__v-align flex-basis-100 align-self-lg-start align-self-md-start align-self-start\">\n                <!---->\n                <div data-colibri-id=\"843-c32\" class=\"h-global-transition-all h-heading style-410 style-local-843-c32 position-relative h-element\">\n                  <!---->\n                  <div class=\"h-heading__outer style-410 style-local-843-c32\">\n                    <!---->\n                    <!---->\n                    <h2 class=\"\">Groupe Perfectionnement (Perf) \u2013 Progression Technique<\/h2>\n                  <\/div>\n                <\/div>\n                <div data-colibri-id=\"843-c33\" class=\"h-text h-text-component style-411 style-local-843-c33 position-relative h-element\">\n                  <!---->\n                  <!---->\n                  <div class=\"\">\n                    <p><strong>\ud83d\udc66 Public<\/strong> : Jeunes nageurs ayant valid\u00e9 les bases (ENC ou autre club). <\/p>\n                    <p><strong>\ud83c\udfaf Objectifs<\/strong> :<\/p>\n                    <ul>\n                      <li><strong>Consolidation des 4 nages<\/strong> : Am\u00e9lioration de la technique, des virages et des d\u00e9parts.<\/li>\n                      <li><strong>Endurance et respiration<\/strong> : Travail sur la r\u00e9gularit\u00e9 et l\u2019efficacit\u00e9 des mouvements.<\/li>\n                      <li><strong>Transition vers la comp\u00e9tition<\/strong> : Initiation aux \u00e9preuves locales (optionnel).<\/li>\n                    <\/ul>\n                    <p>\n                      <br>\n                    <\/p>\n                  <\/div>\n                <\/div>\n                <div data-colibri-id=\"843-c34\" class=\"h-row-container gutters-row-lg-2 gutters-row-md-2 gutters-row-0 gutters-row-v-lg-2 gutters-row-v-md-2 gutters-row-v-0 style-412 style-local-843-c34 position-relative\">\n                  <!---->\n                  <div class=\"h-row justify-content-lg-center justify-content-md-center justify-content-center align-items-lg-stretch align-items-md-stretch align-items-stretch gutters-col-lg-2 gutters-col-md-2 gutters-col-0 gutters-col-v-lg-2 gutters-col-v-md-2 gutters-col-v-0\">\n                    <!---->\n                    <div class=\"h-column h-column-container d-flex h-col-lg-6 h-col-md-6 h-col-6 style-413-outer style-local-843-c35-outer\">\n                      <div data-colibri-id=\"843-c35\" class=\"d-flex h-flex-basis h-column__inner h-px-lg-0 h-px-md-0 h-px-0 v-inner-lg-0 v-inner-md-0 v-inner-0 style-413 style-local-843-c35 position-relative\">\n                        <!---->\n                        <!---->\n                        <div class=\"w-100 h-y-container h-column__content h-column__v-align flex-basis-100 align-self-lg-start align-self-md-start align-self-start\">\n                          <!---->\n                          <div data-colibri-id=\"843-c36\" class=\"h-global-transition-all h-heading style-414 style-local-843-c36 position-relative h-element\">\n                            <!---->\n                            <div class=\"h-heading__outer style-414 style-local-843-c36\">\n                              <!---->\n                              <!---->\n                              <h5 class=\"\">\ud83c\udfca\u200d\u2642\ufe0f M\u00e9thode :<\/h5>\n                            <\/div>\n                          <\/div>\n                          <div data-colibri-id=\"843-c37\" class=\"h-text h-text-component style-415 style-local-843-c37 position-relative h-element\">\n                            <!---->\n                            <!---->\n                            <div class=\"\">\n                              <p>\n                                <br>\n                              <\/p>\n                              <ul>\n                                <li><strong>S\u00e9ances vari\u00e9es<\/strong> : Exercices techniques, jeux aquatiques et d\u00e9fis chronom\u00e9tr\u00e9s.<\/li>\n                                <li><strong>Rythme adapt\u00e9<\/strong> : 2 \u00e0 3 entra\u00eenements par semaine (1h \u00e0 1h30).<\/li>\n                                <li><strong>Approche motivante<\/strong> : Suivi individualis\u00e9 sans pression de performance.<\/li>\n                              <\/ul>\n                              <p>\n                                <br>\n                              <\/p>\n                            <\/div>\n                          <\/div>\n                        <\/div>\n                      <\/div>\n                    <\/div>\n                    <div class=\"h-column h-column-container d-flex h-col-lg-6 h-col-md-6 h-col-6 style-413-outer style-local-843-c38-outer\">\n                      <div data-colibri-id=\"843-c38\" class=\"d-flex h-flex-basis h-column__inner h-px-lg-0 h-px-md-0 h-px-0 v-inner-lg-0 v-inner-md-0 v-inner-0 style-413 style-local-843-c38 position-relative\">\n                        <!---->\n                        <!---->\n                        <div class=\"w-100 h-y-container h-column__content h-column__v-align flex-basis-100 align-self-lg-start align-self-md-start align-self-start\">\n                          <!---->\n                          <div data-colibri-id=\"843-c39\" class=\"h-global-transition-all h-heading style-414 style-local-843-c39 position-relative h-element\">\n                            <!---->\n                            <div class=\"h-heading__outer style-414 style-local-843-c39\">\n                              <!---->\n                              <!---->\n                              <h5 class=\"\">\ud83d\udccc Pour qui ?<\/h5>\n                            <\/div>\n                          <\/div>\n                          <div data-colibri-id=\"843-c40\" class=\"h-text h-text-component style-415 style-local-843-c40 position-relative h-element\">\n                            <!---->\n                            <!---->\n                            <div class=\"\">\n                              <p>\n                                <br>\n                              <\/p>\n                              <ul>\n                                <li>Nageurs souhaitant progresser sans vis\u00e9e comp\u00e9titive intensive.<\/li>\n                                <li>Passage possible vers le <strong>Groupe Comp\u00e9tition<\/strong> pour les plus ambitieux.<\/li>\n                              <\/ul>\n                              <p>\n                                <br>\n                              <\/p>\n                            <\/div>\n                          <\/div>\n                        <\/div>\n                      <\/div>\n                    <\/div>\n                  <\/div>\n                <\/div>\n              <\/div>\n            <\/div>\n          <\/div>\n          <div class=\"h-column h-column-container d-flex h-col-lg-auto h-col-md-auto h-col-auto style-416-outer style-local-843-c41-outer\">\n            <div data-colibri-id=\"843-c41\" class=\"d-flex h-flex-basis h-column__inner h-ui-empty-state-container h-px-lg-0 h-px-md-0 h-px-0 v-inner-lg-0 v-inner-md-0 v-inner-0 style-416 style-local-843-c41 position-relative\">\n              <!---->\n              <!---->\n              <div class=\"w-100 h-y-container h-column__content h-column__v-align flex-basis-100\">\n                <!---->\n              <\/div>\n            <\/div>\n          <\/div>\n        <\/div>\n      <\/div>\n    <\/div>\n  <\/div>\n  <div data-colibri-component=\"section\" data-colibri-id=\"843-c42\" id=\"content-2\" class=\"h-section h-section-global-spacing d-flex align-items-lg-center align-items-md-center align-items-center style-417 style-local-843-c42 h-overflow-hidden position-relative\">\n    <!---->\n    <!---->\n    <div class=\"h-section-grid-container h-section-fluid-container\">\n      <!---->\n      <div data-colibri-id=\"843-c43\" class=\"h-row-container gutters-row-lg-0 gutters-row-md-0 gutters-row-2 gutters-row-v-lg-0 gutters-row-v-md-0 gutters-row-v-2 style-418 style-local-843-c43 position-relative\">\n        <!---->\n        <div class=\"h-row justify-content-lg-center justify-content-md-center justify-content-center align-items-lg-stretch align-items-md-stretch align-items-stretch gutters-col-lg-0 gutters-col-md-0 gutters-col-2 gutters-col-v-lg-0 gutters-col-v-md-0 gutters-col-v-2\">\n          <!---->\n          <div class=\"h-column h-column-container d-flex h-col-lg-auto h-col-md-auto h-col-auto style-419-outer style-local-843-c44-outer\">\n            <div data-colibri-id=\"843-c44\" class=\"d-flex h-flex-basis h-column__inner h-ui-empty-state-container h-px-lg-0 h-px-md-0 h-px-0 v-inner-lg-0 v-inner-md-0 v-inner-0 style-419 style-local-843-c44 position-relative\">\n              <!---->\n              <!---->\n              <div class=\"w-100 h-y-container h-column__content h-column__v-align flex-basis-100\">\n                <!---->\n              <\/div>\n            <\/div>\n          <\/div>\n          <div class=\"h-column h-column-container d-flex h-col-lg-auto h-col-md-auto h-col-auto style-420-outer style-local-843-c45-outer\">\n            <div data-colibri-id=\"843-c45\" class=\"d-flex h-flex-basis h-column__inner h-px-lg-0 h-px-md-0 h-px-0 v-inner-lg-0 v-inner-md-0 v-inner-0 style-420 style-local-843-c45 position-relative\">\n              <!---->\n              <!---->\n              <div class=\"w-100 h-y-container h-column__content h-column__v-align flex-basis-100 align-self-lg-start align-self-md-start align-self-start\">\n                <!---->\n                <div data-colibri-id=\"843-c46\" class=\"h-global-transition-all h-heading style-422 style-local-843-c46 position-relative h-element\">\n                  <!---->\n                  <div class=\"h-heading__outer style-422 style-local-843-c46\">\n                    <!---->\n                    <!---->\n                    <h2 class=\"\">Groupe Comp\u00e9tition \u2013 Haut Niveau et Performance<\/h2>\n                  <\/div>\n                <\/div>\n                <div data-colibri-id=\"843-c47\" class=\"h-text h-text-component style-423 style-local-843-c47 position-relative h-element\">\n                  <!---->\n                  <!---->\n                  <div class=\"\">\n                    <p><strong>\ud83c\udfc6 Public<\/strong> : Nageurs licenci\u00e9s FFN, motiv\u00e9s par la comp\u00e9tition. <\/p>\n                    <p><strong>\ud83c\udfaf Objectifs<\/strong> :<\/p>\n                    <ul>\n                      <li><strong>Pr\u00e9paration aux comp\u00e9titions<\/strong> : D\u00e9partementales, r\u00e9gionales, nationales.<\/li>\n                      <li><strong>Technique et physique<\/strong> : Travail intensif (nages, virages, d\u00e9parts, analyse vid\u00e9o).<\/li>\n                      <li><strong>Planification saisonni\u00e8re<\/strong> : Cycles d\u2019entra\u00eenement adapt\u00e9s aux objectifs.<\/li>\n                    <\/ul>\n                    <p>\n                      <br>\n                    <\/p>\n                  <\/div>\n                <\/div>\n                <div data-colibri-id=\"843-c48\" class=\"h-row-container gutters-row-lg-2 gutters-row-md-2 gutters-row-0 gutters-row-v-lg-2 gutters-row-v-md-2 gutters-row-v-0 style-424 style-local-843-c48 position-relative\">\n                  <!---->\n                  <div class=\"h-row justify-content-lg-center justify-content-md-center justify-content-center align-items-lg-stretch align-items-md-stretch align-items-stretch gutters-col-lg-2 gutters-col-md-2 gutters-col-0 gutters-col-v-lg-2 gutters-col-v-md-2 gutters-col-v-0\">\n                    <!---->\n                    <div class=\"h-column h-column-container d-flex h-col-lg-6 h-col-md-6 h-col-6 style-425-outer style-local-843-c49-outer\">\n                      <div data-colibri-id=\"843-c49\" class=\"d-flex h-flex-basis h-column__inner h-px-lg-0 h-px-md-0 h-px-2 v-inner-lg-0 v-inner-md-0 v-inner-2 style-425 style-local-843-c49 position-relative\">\n                        <!---->\n                        <!---->\n                        <div class=\"w-100 h-y-container h-column__content h-column__v-align flex-basis-100 align-self-lg-start align-self-md-start align-self-start\">\n                          <!---->\n                          <div data-colibri-id=\"843-c50\" class=\"h-global-transition-all h-heading style-426 style-local-843-c50 position-relative h-element\">\n                            <!---->\n                            <div class=\"h-heading__outer style-426 style-local-843-c50\">\n                              <!---->\n                              <!---->\n                              <h5 class=\"\">\ud83c\udfca\u200d\u2642\ufe0f M\u00e9thode :<\/h5>\n                            <\/div>\n                          <\/div>\n                          <div data-colibri-id=\"843-c51\" class=\"h-text h-text-component style-427 style-local-843-c51 position-relative h-element\">\n                            <!---->\n                            <!---->\n                            <div class=\"\">\n                              <p>\n                                <br>\n                              <\/p>\n                              <ul>\n                                <li><strong>Entra\u00eenements structur\u00e9s<\/strong> : 4 \u00e0 6 s\u00e9ances\/semaine (technique, endurance, renforcement).<\/li>\n                                <li><strong>Outils professionnels<\/strong> : Chronom\u00e9trage, vid\u00e9o, suivi personnalis\u00e9.<\/li>\n                                <li><strong>Esprit d\u2019\u00e9quipe<\/strong> : Coh\u00e9sion de groupe et soutien mutuel.<\/li>\n                              <\/ul>\n                              <p>\n                                <br>\n                              <\/p>\n                            <\/div>\n                          <\/div>\n                        <\/div>\n                      <\/div>\n                    <\/div>\n                    <div class=\"h-column h-column-container d-flex h-col-lg-6 h-col-md-6 h-col-6 style-425-outer style-local-843-c52-outer\">\n                      <div data-colibri-id=\"843-c52\" class=\"d-flex h-flex-basis h-column__inner h-px-lg-0 h-px-md-0 h-px-2 v-inner-lg-0 v-inner-md-0 v-inner-2 style-425 style-local-843-c52 position-relative\">\n                        <!---->\n                        <!---->\n                        <div class=\"w-100 h-y-container h-column__content h-column__v-align flex-basis-100 align-self-lg-start align-self-md-start align-self-start\">\n                          <!---->\n                          <div data-colibri-id=\"843-c53\" class=\"h-global-transition-all h-heading style-426 style-local-843-c53 position-relative h-element\">\n                            <!---->\n                            <div class=\"h-heading__outer style-426 style-local-843-c53\">\n                              <!---->\n                              <!---->\n                              <h5 class=\"\">\ud83d\udccc Pour qui ?<\/h5>\n                            <\/div>\n                          <\/div>\n                          <div data-colibri-id=\"843-c54\" class=\"h-text h-text-component style-427 style-local-843-c54 position-relative h-element\">\n                            <!---->\n                            <!---->\n                            <div class=\"\">\n                              <p>\n                                <br>\n                              <\/p>\n                              <ul>\n                                <li>Nageurs visant l\u2019excellence sportive et pr\u00eats \u00e0 s\u2019investir.<\/li>\n                                <li>Acc\u00e8s aux stages et comp\u00e9titions f\u00e9d\u00e9rales.<\/li>\n                              <\/ul>\n                              <p>\n                                <br>\n                              <\/p>\n                            <\/div>\n                          <\/div>\n                        <\/div>\n                      <\/div>\n                    <\/div>\n                  <\/div>\n                <\/div>\n              <\/div>\n            <\/div>\n          <\/div>\n        <\/div>\n      <\/div>\n    <\/div>\n  <\/div>\n<\/div>","protected":false},"excerpt":{"rendered":"<p>Groupe Perfectionnement (Perf) \u2013 Progression Technique \ud83d\udc66 Public : Jeunes nageurs ayant valid\u00e9 [&hellip;]<\/p>\n","protected":false},"author":1,"featured_media":0,"parent":0,"menu_order":7,"comment_status":"closed","ping_status":"closed","template":"page-templates\/full-width-page.php","meta":{"footnotes":""},"class_list":["post-843","page","type-page","status-publish","hentry"],"yoast_head":"<!-- This site is optimized with the Yoast SEO plugin v27.5 - https:\/\/yoast.com\/product\/yoast-seo-wordpress\/ -->\n<title>Adolescents - \u00c9toile Nautique Chantonnaisienne<\/title>\n<meta name=\"robots\" content=\"index, follow, max-snippet:-1, max-image-preview:large, max-video-preview:-1\" \/>\n<link rel=\"canonical\" href=\"https:\/\/www.natationchantonnay.com\/index.php\/adolescents\/\" \/>\n<meta property=\"og:locale\" content=\"fr_FR\" \/>\n<meta property=\"og:type\" content=\"article\" \/>\n<meta property=\"og:title\" content=\"Adolescents - \u00c9toile Nautique Chantonnaisienne\" \/>\n<meta property=\"og:description\" content=\"Groupe Perfectionnement (Perf) \u2013 Progression Technique \ud83d\udc66 Public : Jeunes nageurs ayant valid\u00e9 [&hellip;]\" \/>\n<meta property=\"og:url\" content=\"https:\/\/www.natationchantonnay.com\/index.php\/adolescents\/\" \/>\n<meta property=\"og:site_name\" content=\"\u00c9toile Nautique Chantonnaisienne\" \/>\n<meta property=\"article:modified_time\" content=\"2025-06-26T21:23:54+00:00\" \/>\n<meta name=\"twitter:card\" content=\"summary_large_image\" \/>\n<script type=\"application\/ld+json\" class=\"yoast-schema-graph\">{\"@context\":\"https:\\\/\\\/schema.org\",\"@graph\":[{\"@type\":\"WebPage\",\"@id\":\"https:\\\/\\\/www.natationchantonnay.com\\\/index.php\\\/adolescents\\\/\",\"url\":\"https:\\\/\\\/www.natationchantonnay.com\\\/index.php\\\/adolescents\\\/\",\"name\":\"Adolescents - \u00c9toile Nautique Chantonnaisienne\",\"isPartOf\":{\"@id\":\"https:\\\/\\\/www.natationchantonnay.com\\\/#website\"},\"datePublished\":\"2025-06-06T16:20:49+00:00\",\"dateModified\":\"2025-06-26T21:23:54+00:00\",\"breadcrumb\":{\"@id\":\"https:\\\/\\\/www.natationchantonnay.com\\\/index.php\\\/adolescents\\\/#breadcrumb\"},\"inLanguage\":\"fr-FR\",\"potentialAction\":[{\"@type\":\"ReadAction\",\"target\":[\"https:\\\/\\\/www.natationchantonnay.com\\\/index.php\\\/adolescents\\\/\"]}]},{\"@type\":\"BreadcrumbList\",\"@id\":\"https:\\\/\\\/www.natationchantonnay.com\\\/index.php\\\/adolescents\\\/#breadcrumb\",\"itemListElement\":[{\"@type\":\"ListItem\",\"position\":1,\"name\":\"Accueil\",\"item\":\"https:\\\/\\\/www.natationchantonnay.com\\\/\"},{\"@type\":\"ListItem\",\"position\":2,\"name\":\"Adolescents\"}]},{\"@type\":\"WebSite\",\"@id\":\"https:\\\/\\\/www.natationchantonnay.com\\\/#website\",\"url\":\"https:\\\/\\\/www.natationchantonnay.com\\\/\",\"name\":\"\u00c9toile Nautique Chantonnaisienne\",\"description\":\"\",\"publisher\":{\"@id\":\"https:\\\/\\\/www.natationchantonnay.com\\\/#organization\"},\"potentialAction\":[{\"@type\":\"SearchAction\",\"target\":{\"@type\":\"EntryPoint\",\"urlTemplate\":\"https:\\\/\\\/www.natationchantonnay.com\\\/?s={search_term_string}\"},\"query-input\":{\"@type\":\"PropertyValueSpecification\",\"valueRequired\":true,\"valueName\":\"search_term_string\"}}],\"inLanguage\":\"fr-FR\"},{\"@type\":\"Organization\",\"@id\":\"https:\\\/\\\/www.natationchantonnay.com\\\/#organization\",\"name\":\"\u00c9toile Nautique Chantonnaisienne\",\"url\":\"https:\\\/\\\/www.natationchantonnay.com\\\/\",\"logo\":{\"@type\":\"ImageObject\",\"inLanguage\":\"fr-FR\",\"@id\":\"https:\\\/\\\/www.natationchantonnay.com\\\/#\\\/schema\\\/logo\\\/image\\\/\",\"url\":\"https:\\\/\\\/www.natationchantonnay.com\\\/wp-content\\\/uploads\\\/2025\\\/05\\\/cropped-logo-ENC-3.png\",\"contentUrl\":\"https:\\\/\\\/www.natationchantonnay.com\\\/wp-content\\\/uploads\\\/2025\\\/05\\\/cropped-logo-ENC-3.png\",\"width\":512,\"height\":512,\"caption\":\"\u00c9toile Nautique Chantonnaisienne\"},\"image\":{\"@id\":\"https:\\\/\\\/www.natationchantonnay.com\\\/#\\\/schema\\\/logo\\\/image\\\/\"}}]}<\/script>\n<!-- \/ Yoast SEO plugin. -->","yoast_head_json":{"title":"Adolescents - \u00c9toile Nautique Chantonnaisienne","robots":{"index":"index","follow":"follow","max-snippet":"max-snippet:-1","max-image-preview":"max-image-preview:large","max-video-preview":"max-video-preview:-1"},"canonical":"https:\/\/www.natationchantonnay.com\/index.php\/adolescents\/","og_locale":"fr_FR","og_type":"article","og_title":"Adolescents - \u00c9toile Nautique Chantonnaisienne","og_description":"Groupe Perfectionnement (Perf) \u2013 Progression Technique \ud83d\udc66 Public : Jeunes nageurs ayant valid\u00e9 [&hellip;]","og_url":"https:\/\/www.natationchantonnay.com\/index.php\/adolescents\/","og_site_name":"\u00c9toile Nautique Chantonnaisienne","article_modified_time":"2025-06-26T21:23:54+00:00","twitter_card":"summary_large_image","schema":{"@context":"https:\/\/schema.org","@graph":[{"@type":"WebPage","@id":"https:\/\/www.natationchantonnay.com\/index.php\/adolescents\/","url":"https:\/\/www.natationchantonnay.com\/index.php\/adolescents\/","name":"Adolescents - \u00c9toile Nautique Chantonnaisienne","isPartOf":{"@id":"https:\/\/www.natationchantonnay.com\/#website"},"datePublished":"2025-06-06T16:20:49+00:00","dateModified":"2025-06-26T21:23:54+00:00","breadcrumb":{"@id":"https:\/\/www.natationchantonnay.com\/index.php\/adolescents\/#breadcrumb"},"inLanguage":"fr-FR","potentialAction":[{"@type":"ReadAction","target":["https:\/\/www.natationchantonnay.com\/index.php\/adolescents\/"]}]},{"@type":"BreadcrumbList","@id":"https:\/\/www.natationchantonnay.com\/index.php\/adolescents\/#breadcrumb","itemListElement":[{"@type":"ListItem","position":1,"name":"Accueil","item":"https:\/\/www.natationchantonnay.com\/"},{"@type":"ListItem","position":2,"name":"Adolescents"}]},{"@type":"WebSite","@id":"https:\/\/www.natationchantonnay.com\/#website","url":"https:\/\/www.natationchantonnay.com\/","name":"\u00c9toile Nautique Chantonnaisienne","description":"","publisher":{"@id":"https:\/\/www.natationchantonnay.com\/#organization"},"potentialAction":[{"@type":"SearchAction","target":{"@type":"EntryPoint","urlTemplate":"https:\/\/www.natationchantonnay.com\/?s={search_term_string}"},"query-input":{"@type":"PropertyValueSpecification","valueRequired":true,"valueName":"search_term_string"}}],"inLanguage":"fr-FR"},{"@type":"Organization","@id":"https:\/\/www.natationchantonnay.com\/#organization","name":"\u00c9toile Nautique Chantonnaisienne","url":"https:\/\/www.natationchantonnay.com\/","logo":{"@type":"ImageObject","inLanguage":"fr-FR","@id":"https:\/\/www.natationchantonnay.com\/#\/schema\/logo\/image\/","url":"https:\/\/www.natationchantonnay.com\/wp-content\/uploads\/2025\/05\/cropped-logo-ENC-3.png","contentUrl":"https:\/\/www.natationchantonnay.com\/wp-content\/uploads\/2025\/05\/cropped-logo-ENC-3.png","width":512,"height":512,"caption":"\u00c9toile Nautique Chantonnaisienne"},"image":{"@id":"https:\/\/www.natationchantonnay.com\/#\/schema\/logo\/image\/"}}]}},"_links":{"self":[{"href":"https:\/\/www.natationchantonnay.com\/index.php\/wp-json\/wp\/v2\/pages\/843","targetHints":{"allow":["GET"]}}],"collection":[{"href":"https:\/\/www.natationchantonnay.com\/index.php\/wp-json\/wp\/v2\/pages"}],"about":[{"href":"https:\/\/www.natationchantonnay.com\/index.php\/wp-json\/wp\/v2\/types\/page"}],"author":[{"embeddable":true,"href":"https:\/\/www.natationchantonnay.com\/index.php\/wp-json\/wp\/v2\/users\/1"}],"replies":[{"embeddable":true,"href":"https:\/\/www.natationchantonnay.com\/index.php\/wp-json\/wp\/v2\/comments?post=843"}],"version-history":[{"count":0,"href":"https:\/\/www.natationchantonnay.com\/index.php\/wp-json\/wp\/v2\/pages\/843\/revisions"}],"wp:attachment":[{"href":"https:\/\/www.natationchantonnay.com\/index.php\/wp-json\/wp\/v2\/media?parent=843"}],"curies":[{"name":"wp","href":"https:\/\/api.w.org\/{rel}","templated":true}]}}